{"id":85,"date":"2014-09-30T09:40:07","date_gmt":"2014-09-30T12:40:07","guid":{"rendered":"https:\/\/2014.salvador.wordcamp.org\/?page_id=85"},"modified":"2014-10-23T17:34:40","modified_gmt":"2014-10-23T20:34:40","slug":"patrocinar-o-evento","status":"publish","type":"page","link":"https:\/\/salvador.wordcamp.org\/2014\/patrocinar-o-evento\/","title":{"rendered":"Patrocinar o evento"},"content":{"rendered":"<p>O WordCamp \u00e9 organizado por volunt\u00e1rios e n\u00e3o possui fins lucrativos. Todos os fundos provenientes de patroc\u00ednio ser\u00e3o 100% revertidos para cobrir os custos do evento.<\/p>\n<p>Estes volunt\u00e1rios s\u00e3o empreendedores, programadores, designers, engenheiros, publicit\u00e1rios, profissionais de marketing, educadores e empres\u00e1rios. Eles possuem forma\u00e7\u00e3o em diversas \u00e1reas e s\u00e3o membros da comunidade local de usu\u00e1rios de WordPress.<\/p>\n<p>Muitos desses volunt\u00e1rios possuem sites pr\u00f3prios com milhares ou at\u00e9 milh\u00f5es de visitas por m\u00eas.<\/p>\n<p>S\u00e3o especialistas, formadores de opini\u00e3o e at\u00e9 mesmo tomadores de decis\u00f5es em suas empresas.<\/p>\n<p>Depois de conferir as cotas e suas respectivas contrapartidas entre em <a href=\"https:\/\/2014.salvador.wordcamp.org\/contato\" title=\"Contato\">contato<\/a> conosoco.<\/p>\n<h2>Cotas de Patroc\u00ednio<\/h2>\n<h4>Moqueca: R$ 2.000,00<\/h4>\n<ul>\n<li>05 ingressos para o WordCamp Salvador<\/li>\n<li>Espa\u00e7o para stand no evento, de at\u00e9 4m\u00b2<\/li>\n<li>Distribui\u00e7\u00e3o de brindes<\/li>\n<li>Logo e link no site oficial<\/li>\n<li>Logo no programa do evento (impresso)<\/li>\n<li>Logo nos banners do evento<\/li>\n<li>Logo no tel\u00e3o do evento nos intervalos entre as palestras<\/li>\n<li>Post com an\u00fancio oficial de seu patroc\u00ednio no site do evento, Twitter e Facebook do evento<\/li>\n<li>Agradecimento no encerramento do evento<\/li>\n<\/ul>\n<h4>Caruru: R$ 1.500,00<\/h4>\n<ul>\n<li>04 ingressos para o WordCamp Salvador<\/li>\n<li>Espa\u00e7o para stand no evento, de at\u00e9 4m\u00b2<\/li>\n<li>Distribui\u00e7\u00e3o de brindes<\/li>\n<li>Logo e link no site oficial<\/li>\n<li>Logo no programa do evento (impresso)<\/li>\n<li>Logo nos banners do evento<\/li>\n<li>Logo no tel\u00e3o do evento nos intervalos entre as palestras<\/li>\n<li>Post com an\u00fancio oficial de seu patroc\u00ednio no site do evento, Twitter e Facebook do evento<\/li>\n<li>Agradecimento no encerramento do evento<\/li>\n<\/ul>\n<h4>Acaraj\u00e9: R$ 1.000,00<\/h4>\n<ul>\n<li>03 ingressos para o WordCamp Salvador<\/li>\n<li>Distribui\u00e7\u00e3o de brindes<\/li>\n<li>Logo e link no site oficial<\/li>\n<li>Logo nos banners do evento<\/li>\n<li>Post com an\u00fancio oficial de seu patroc\u00ednio no site, Twitter e Facebook do evento<\/li>\n<li>Agradecimento no encerramento do evento<\/li>\n<\/ul>\n<h4>Beiju: R$ 500,00<\/h4>\n<ul>\n<li>02 ingressos para o WordCamp Salvador<\/li>\n<li>Logo e link no site oficial<\/li>\n<li>Logo nos banners do evento<\/li>\n<li>Post com an\u00fancio oficial de seu patroc\u00ednio no blog, Twitter e Facebook do evento<\/li>\n<li>Agradecimento no encerramento do evento<\/li>\n<\/ul>\n<h4>Outras Formas de Apoio<\/h4>\n<p>N\u00f3s n\u00e3o buscamos apenas patroc\u00ednio em dinheiro. Voc\u00ea tamb\u00e9m pode apoiar o WordCamp Salvador oferecendo alguns dos itens a seguir:<\/p>\n<ul>\n<li>Coffee-break para 240 pessoas;<\/li>\n<li>Almo\u00e7o para 240 pessoas;<\/li>\n<li>Caf\u00e9 e \u00e1gua para serem servidos durante o evento;<\/li>\n<li>Lanches e\/ou guloseimas para serem servidos durante o evento;<\/li>\n<li>Comunica\u00e7\u00e3o visual: crach\u00e1s, panfletos da programa\u00e7\u00e3o etc;<\/li>\n<li>Cobertura em v\u00eddeo;<\/li>\n<li>Cobertura fotogr\u00e1fica;<\/li>\n<li>Camisetas, canecas, mousepads, porta-copos ou adesivos;<\/li>\n<li>Se for gratuito (e n\u00e3o tiver o logo de sua empresa), provavelmente n\u00f3s aceitaremos.<\/li>\n<\/ul>\n<p>Gostou e quer patrocinar o evento? Entre em <a href=\"https:\/\/2014.salvador.wordcamp.org\/contato\" title=\"Contato\">Contato<\/a>.<\/p>\n","protected":false},"excerpt":{"rendered":"<p>O WordCamp \u00e9 organizado por volunt\u00e1rios e n\u00e3o possui fins lucrativos. Todos os fundos provenientes de patroc\u00ednio ser\u00e3o 100% revertidos para cobrir os custos do evento. Estes volunt\u00e1rios s\u00e3o empreendedores, programadores, designers, engenheiros, publicit\u00e1rios, profissionais de marketing, educadores e empres\u00e1rios. Eles possuem forma\u00e7\u00e3o em diversas \u00e1reas e s\u00e3o membros da comunidade local de usu\u00e1rios de &hellip; <a href=\"https:\/\/salvador.wordcamp.org\/2014\/patrocinar-o-evento\/\" class=\"more-link\">Continuar a ler<span class=\"screen-reader-text\">Patrocinar o evento<\/span> <span class=\"meta-nav\">&rarr;<\/span><\/a><\/p>\n","protected":false},"author":1773513,"featured_media":0,"parent":0,"menu_order":0,"comment_status":"open","ping_status":"open","template":"","meta":{"_crdt_document":"","footnotes":""},"class_list":["post-85","page","type-page","status-publish","hentry"],"jetpack_shortlink":"https:\/\/wp.me\/PheUd1-1n","jetpack_likes_enabled":true,"jetpack_sharing_enabled":true,"_links":{"self":[{"href":"https:\/\/salvador.wordcamp.org\/2014\/wp-json\/wp\/v2\/pages\/85","targetHints":{"allow":["GET"]}}],"collection":[{"href":"https:\/\/salvador.wordcamp.org\/2014\/wp-json\/wp\/v2\/pages"}],"about":[{"href":"https:\/\/salvador.wordcamp.org\/2014\/wp-json\/wp\/v2\/types\/page"}],"author":[{"embeddable":true,"href":"https:\/\/salvador.wordcamp.org\/2014\/wp-json\/wp\/v2\/users\/1773513"}],"replies":[{"embeddable":true,"href":"https:\/\/salvador.wordcamp.org\/2014\/wp-json\/wp\/v2\/comments?post=85"}],"version-history":[{"count":6,"href":"https:\/\/salvador.wordcamp.org\/2014\/wp-json\/wp\/v2\/pages\/85\/revisions"}],"predecessor-version":[{"id":301,"href":"https:\/\/salvador.wordcamp.org\/2014\/wp-json\/wp\/v2\/pages\/85\/revisions\/301"}],"wp:attachment":[{"href":"https:\/\/salvador.wordcamp.org\/2014\/wp-json\/wp\/v2\/media?parent=85"}],"curies":[{"name":"wp","href":"https:\/\/api.w.org\/{rel}","templated":true}]}}