{"id":7,"date":"2014-09-29T10:17:00","date_gmt":"2014-09-29T13:17:00","guid":{"rendered":"https:\/\/2014.salvador.wordcamp.org\/?page_id=7"},"modified":"2014-12-16T06:55:20","modified_gmt":"2014-12-16T09:55:20","slug":"inscricoes","status":"publish","type":"page","link":"https:\/\/salvador.wordcamp.org\/2014\/inscricoes\/","title":{"rendered":"Inscri\u00e7\u00f5es"},"content":{"rendered":"<p>Seja bem-vindo \u00e0 p\u00e1gina de inscri\u00e7\u00e3o do WordCamp Salvador 2014. Aqui voc\u00ea encontrar\u00e1 todas as modalidades de inscri\u00e7\u00e3o dispon\u00edveis. S\u00e3o elas:<\/p>\n<h2>Inscri\u00e7\u00e3o Padr\u00e3o<\/h2>\n<p>Modalidade de inscri\u00e7\u00e3o padr\u00e3o para os conferencistas do evento. Este ingresso d\u00e1 direito aos seguintes itens:<\/p>\n<ul>\n<li>01 ingresso para o WordCamp Salvador;<\/li>\n<li><del>01 camisa;<\/del><\/li>\n<li>Inscri\u00e7\u00f5es realizadas ap\u00f3s o dis 26\/11 podem ficar sem camisa;<\/li>\n<\/ul>\n<h2>Inscri\u00e7\u00e3o Comunidade (ingresso individual)<\/h2>\n<p>Modalidade de inscri\u00e7\u00e3o em forma de micro-patroc\u00ednio para <strong>pessoa f\u00edsica<\/strong> que deseja participar e apoiar o evento. Este ingresso d\u00e1 direito aos seguintes itens:<\/p>\n<ul>\n<li>01 ingresso para o WordCamp Salvador;<\/li>\n<li><del>01 camisa;<\/del><\/li>\n<li>Inscri\u00e7\u00f5es realizadas ap\u00f3s o dis 26\/11 podem ficar sem camisa;<\/li>\n<li>Ter\u00e1 o nome citado em um post no site do evento;<\/li>\n<li>Ter\u00e1 o nome citado na abertura e encerramento do evento;<\/li>\n<li>Um brinde especial.<\/li>\n<\/ul>\n<h2>Inscreva-se j\u00e1!<\/h2>\n<p>Escolheu a inscri\u00e7\u00e3o que mais se encaixa com voc\u00ea? Ent\u00e3o aproveita que voc\u00ea t\u00e1 aqui e se inscreve logo, as vagas s\u00e3o limitadas!<\/p>\n<p><strong>UPDATE 17\/11\/2014: N\u00e3o \u00e9 poss\u00edvel cancelar a inscri\u00e7\u00e3o.<\/strong><\/p>\n<a href=\"https:\/\/salvador.wordcamp.org\/2014\/inscricoes\/\">Please view this page in a browser to purchase or manage tickets.<\/a>\n","protected":false},"excerpt":{"rendered":"<p>Seja bem-vindo \u00e0 p\u00e1gina de inscri\u00e7\u00e3o do WordCamp Salvador 2014. Aqui voc\u00ea encontrar\u00e1 todas as modalidades de inscri\u00e7\u00e3o dispon\u00edveis. S\u00e3o elas: Inscri\u00e7\u00e3o Padr\u00e3o Modalidade de inscri\u00e7\u00e3o padr\u00e3o para os conferencistas do evento. Este ingresso d\u00e1 direito aos seguintes itens: 01 ingresso para o WordCamp Salvador; 01 camisa; Inscri\u00e7\u00f5es realizadas ap\u00f3s o dis 26\/11 podem ficar &hellip; <a href=\"https:\/\/salvador.wordcamp.org\/2014\/inscricoes\/\" class=\"more-link\">Continuar a ler<span class=\"screen-reader-text\">Inscri\u00e7\u00f5es<\/span> <span class=\"meta-nav\">&rarr;<\/span><\/a><\/p>\n","protected":false},"author":1773513,"featured_media":256,"parent":0,"menu_order":0,"comment_status":"open","ping_status":"open","template":"","meta":{"_crdt_document":"","footnotes":""},"class_list":["post-7","page","type-page","status-publish","has-post-thumbnail","hentry"],"jetpack_shortlink":"https:\/\/wp.me\/PheUd1-7","jetpack_likes_enabled":true,"jetpack_sharing_enabled":true,"_links":{"self":[{"href":"https:\/\/salvador.wordcamp.org\/2014\/wp-json\/wp\/v2\/pages\/7","targetHints":{"allow":["GET"]}}],"collection":[{"href":"https:\/\/salvador.wordcamp.org\/2014\/wp-json\/wp\/v2\/pages"}],"about":[{"href":"https:\/\/salvador.wordcamp.org\/2014\/wp-json\/wp\/v2\/types\/page"}],"author":[{"embeddable":true,"href":"https:\/\/salvador.wordcamp.org\/2014\/wp-json\/wp\/v2\/users\/1773513"}],"replies":[{"embeddable":true,"href":"https:\/\/salvador.wordcamp.org\/2014\/wp-json\/wp\/v2\/comments?post=7"}],"version-history":[{"count":12,"href":"https:\/\/salvador.wordcamp.org\/2014\/wp-json\/wp\/v2\/pages\/7\/revisions"}],"predecessor-version":[{"id":800,"href":"https:\/\/salvador.wordcamp.org\/2014\/wp-json\/wp\/v2\/pages\/7\/revisions\/800"}],"wp:featuredmedia":[{"embeddable":true,"href":"https:\/\/salvador.wordcamp.org\/2014\/wp-json\/wp\/v2\/media\/256"}],"wp:attachment":[{"href":"https:\/\/salvador.wordcamp.org\/2014\/wp-json\/wp\/v2\/media?parent=7"}],"curies":[{"name":"wp","href":"https:\/\/api.w.org\/{rel}","templated":true}]}}