{"id":6,"date":"2014-07-16T19:03:07","date_gmt":"2014-07-16T22:03:07","guid":{"rendered":"https:\/\/2014.salvador.wordcamp.org\/organizers\/"},"modified":"2014-10-14T12:09:39","modified_gmt":"2014-10-14T15:09:39","slug":"organizadores","status":"publish","type":"page","link":"https:\/\/salvador.wordcamp.org\/2014\/sobre-o-evento\/organizadores\/","title":{"rendered":"Organizadores"},"content":{"rendered":"<p>\nNesta p\u00e1gina voc\u00ea vai saber um pouco sobre as pessoas que est\u00e3o dedicando tempo para fazer o WordCamp Salvador 2014, todos est\u00e3o fazendo isso sem nenhum interesse financeiro, apenas para contribuir com a comunidade WordPress, somar. No dia do evento voc\u00ea ter\u00e1 a oportunidade de conversar com todos eles, saber um pouco mais sobre o que os motivaram e quem sabe na pr\u00f3xima vez voc\u00ea n\u00e3o faz parte dessa equipe?\n<\/p>\n\t<div class=\"wcorg-organizers\">\n\n\t\t\n\t\t\t<div class=\"wcorg-organizer\">\n\t\t\t\t<h2>Caio Costa<\/h2>\n\t\t\t\t<div class=\"wcorg-organizer-description\">\n\t\t\t\t\t\t\t\t\t\t<img alt='' src='https:\/\/secure.gravatar.com\/avatar\/c5c1a53f98e92c16e2f0e4875aa06fb8274204fe27a702105df3c83c6cbb9c47?s=100&#038;d=mm&#038;r=g' srcset='https:\/\/secure.gravatar.com\/avatar\/c5c1a53f98e92c16e2f0e4875aa06fb8274204fe27a702105df3c83c6cbb9c47?s=200&#038;d=mm&#038;r=g 2x' class='avatar avatar-100 photo' height='100' width='100' \/>\t\t\t\t\t<p>Caio Costa \u00e9 publicit\u00e1rio e autor do Blogcit\u00e1rio, blog que usa WordPress como plataforma h\u00e1 v\u00e1rios anos. Participa  com frequ\u00eancia dos MeetUps realizados em Salvador.<\/p>\n\t\t\t\t<\/div>\n\t\t\t<\/div>\n\n\t\t\n\t\t\t<div class=\"wcorg-organizer\">\n\t\t\t\t<h2>Gerson Souza<\/h2>\n\t\t\t\t<div class=\"wcorg-organizer-description\">\n\t\t\t\t\t\t\t\t\t\t<img alt='' src='https:\/\/secure.gravatar.com\/avatar\/623b6b8076640bbcf37c68032cb9b895a2fa5b551d8c384bc16d0af3777f8950?s=100&#038;d=mm&#038;r=g' srcset='https:\/\/secure.gravatar.com\/avatar\/623b6b8076640bbcf37c68032cb9b895a2fa5b551d8c384bc16d0af3777f8950?s=200&#038;d=mm&#038;r=g 2x' class='avatar avatar-100 photo' height='100' width='100' \/>\t\t\t\t\t<p><a href=\"http:\/\/www.gersonsouza.com\" title=\"Link para o site Gerson Souza\" target=\"_blank\">Gerson Souza<\/a> \u00e9 Gerente de projetos, autor do <a href=\"http:\/\/movel.me\" title=\"Link para o site movel.me\" target=\"_blank\">Movel.me<\/a>, trabalha com wordpress h\u00e1 10 anos e j\u00e1 participou de centenas de projetos utilizando o wordpress como CMS e framework. Mesmo morando em S\u00e3o Paulo, continua contribuindo para a comunidade WordPress na Bahia. <\/p>\n\t\t\t\t<\/div>\n\t\t\t<\/div>\n\n\t\t\n\t\t\t<div class=\"wcorg-organizer\">\n\t\t\t\t<h2>Leandro Lopes<\/h2>\n\t\t\t\t<div class=\"wcorg-organizer-description\">\n\t\t\t\t\t\t\t\t\t\t<img alt='' src='https:\/\/secure.gravatar.com\/avatar\/b97fe00752376caa55889cf00bf65e1a507923e6c9b6c56123b2f3488bd0df33?s=100&#038;d=mm&#038;r=g' srcset='https:\/\/secure.gravatar.com\/avatar\/b97fe00752376caa55889cf00bf65e1a507923e6c9b6c56123b2f3488bd0df33?s=200&#038;d=mm&#038;r=g 2x' class='avatar avatar-100 photo' height='100' width='100' \/>\t\t\t\t\t<p>Leandro Lopes \u00e9 publicit\u00e1rio e usa WordPress nos seus projetos da web.<\/p>\n\t\t\t\t<\/div>\n\t\t\t<\/div>\n\n\t\t\n\t\t\t<div class=\"wcorg-organizer\">\n\t\t\t\t<h2>Leo Baiano<\/h2>\n\t\t\t\t<div class=\"wcorg-organizer-description\">\n\t\t\t\t\t\t\t\t\t\t<img alt='' src='https:\/\/secure.gravatar.com\/avatar\/7b21aae922d322c886765765d74a4181eb71106e6cb2377cd38c13bded206392?s=100&#038;d=mm&#038;r=g' srcset='https:\/\/secure.gravatar.com\/avatar\/7b21aae922d322c886765765d74a4181eb71106e6cb2377cd38c13bded206392?s=200&#038;d=mm&#038;r=g 2x' class='avatar avatar-100 photo' height='100' width='100' \/>\t\t\t\t\t<p>Desenvolvedor WEB h\u00e1 14 anos, trabalha com WordPress desde 2007 e come\u00e7ou a se envolver e contribuir com a comunidade em 2009. Atualmente est\u00e1 organizando o WordCamp Salvador 2014, administra e organiza o grupo Meetup WordPress Salvador e \u00e9 moderador do f\u00f3rum oficial do WordPress Brasil.<\/p>\n\t\t\t\t<\/div>\n\t\t\t<\/div>\n\n\t\t\n\t<\/div><!-- .wcorg-organizers -->\n\t\n","protected":false},"excerpt":{"rendered":"<p>Nesta p\u00e1gina voc\u00ea vai saber um pouco sobre as pessoas que est\u00e3o dedicando tempo para fazer o WordCamp Salvador 2014, todos est\u00e3o fazendo isso sem nenhum interesse financeiro, apenas para contribuir com a comunidade WordPress, somar. No dia do evento voc\u00ea ter\u00e1 a oportunidade de conversar com todos eles, saber um pouco mais sobre o &hellip; <a href=\"https:\/\/salvador.wordcamp.org\/2014\/organizer\/leo-baiano\/\" class=\"more-link\">Continuar a ler<span class=\"screen-reader-text\">Leo Baiano<\/span> <span class=\"meta-nav\">&rarr;<\/span><\/a><\/p>\n","protected":false},"author":1773513,"featured_media":0,"parent":52,"menu_order":0,"comment_status":"open","ping_status":"closed","template":"","meta":{"_crdt_document":"","footnotes":""},"class_list":["post-6","page","type-page","status-publish","hentry"],"jetpack_shortlink":"https:\/\/wp.me\/PheUd1-6","jetpack_likes_enabled":true,"jetpack_sharing_enabled":true,"_links":{"self":[{"href":"https:\/\/salvador.wordcamp.org\/2014\/wp-json\/wp\/v2\/pages\/6","targetHints":{"allow":["GET"]}}],"collection":[{"href":"https:\/\/salvador.wordcamp.org\/2014\/wp-json\/wp\/v2\/pages"}],"about":[{"href":"https:\/\/salvador.wordcamp.org\/2014\/wp-json\/wp\/v2\/types\/page"}],"author":[{"embeddable":true,"href":"https:\/\/salvador.wordcamp.org\/2014\/wp-json\/wp\/v2\/users\/1773513"}],"replies":[{"embeddable":true,"href":"https:\/\/salvador.wordcamp.org\/2014\/wp-json\/wp\/v2\/comments?post=6"}],"version-history":[{"count":3,"href":"https:\/\/salvador.wordcamp.org\/2014\/wp-json\/wp\/v2\/pages\/6\/revisions"}],"predecessor-version":[{"id":185,"href":"https:\/\/salvador.wordcamp.org\/2014\/wp-json\/wp\/v2\/pages\/6\/revisions\/185"}],"up":[{"embeddable":true,"href":"https:\/\/salvador.wordcamp.org\/2014\/wp-json\/wp\/v2\/pages\/52"}],"wp:attachment":[{"href":"https:\/\/salvador.wordcamp.org\/2014\/wp-json\/wp\/v2\/media?parent=6"}],"curies":[{"name":"wp","href":"https:\/\/api.w.org\/{rel}","templated":true}]}}