{"id":52,"date":"2014-09-29T10:05:04","date_gmt":"2014-09-29T13:05:04","guid":{"rendered":"https:\/\/2014.salvador.wordcamp.org\/?page_id=52"},"modified":"2024-06-12T17:45:26","modified_gmt":"2024-06-12T20:45:26","slug":"sobre-o-evento","status":"publish","type":"page","link":"https:\/\/salvador.wordcamp.org\/2014\/sobre-o-evento\/","title":{"rendered":"Sobre o Evento"},"content":{"rendered":"<p>WordCamp s\u00e3o eventos organizados pelos desenvolvedores e usu\u00e1rios de WordPress ao redor do mundo, onde eles podem assistir palestras, expor ideias e trocar experi\u00eancias em um ambiente informal. Este p\u00fablico \u00e9 formado por designers, blogueiros, publicit\u00e1rios, jornalistas e diversos produtores de conte\u00fado, formando uma comunidade muito criativa.<\/p>\n<p>O primeiro WordCamp aconteceu em julho de 2006 em S\u00e3o Francisco. Foi organizado por Matt Mullenweg, criador do WordPress, em apenas tr\u00eas semanas, tornando-se um sucesso absoluto com 300 participantes. O primeiro WordCamp internacional do qual se teve not\u00edcia aconteceu em Israel no dia 25 de outubro de 2007. Desde ent\u00e3o o WordCamp se espalhou pelas capitais e principais cidades do mundo todo, como: Paris, Mil\u00e3o, T\u00f3quio, Melbourne, Sydney, Birmingham, Hamburgo e Vancouver (<a title=\"WordCamp\" href=\"http:\/\/central.wordcamp.org\/schedule\/past-wordcamps\/\" target=\"_blank\" rel=\"noopener\">veja lista com todos os WordCamps realizados<\/a>).<\/p>\n<p>Em 2009 foi realizado o primeiro WordCamp Brasil na cidade de S\u00e3o Paulo com a presen\u00e7a de Matt Mullenweg, desde ent\u00e3o outros 2 WordCamps foram feitos em S\u00e3o Paulo com cerca de 300 participantes, esse ano realizaremos novamente o evento em parceria com a PUC-SP.<\/p>\n<h2>WordCamp no Brasil<\/h2>\n<p>Depois do primeiro WordCamp Brasil a comunidade come\u00e7ou a se organizar para descentralizar a a\u00e7\u00e3o de S\u00e3o Paulo e v\u00e1rias cidades como Rio de Janeiro, Curitiba, Salvador, Porto Alegre e Belo Horizonte come\u00e7aram a articular MeetUps e a falar sobre novos WordCamps.<\/p>\n<p>Atualmente a lista de eventos exclusivos de WordPress est\u00e1 dividida em WordCamps e Meetups:<\/p>\n<p>WordCamps<\/p>\n<ul>\n<li><a title=\"WordCamp Belo Horizonte\" href=\"http:\/\/belohorizonte.wordcamp.org\/\" target=\"_blank\" rel=\"noopener\">Belo Horizonte<\/a><\/li>\n<li><a title=\"WordCamp Porto Alegre\" href=\"http:\/\/portoalegre.wordcamp.org\/\" target=\"_blank\" rel=\"noopener\">Porto Alegre<\/a><\/li>\n<li><a title=\"WordCamp Rio de Janeiro\" href=\"http:\/\/riodejaneiro.wordcamp.org\/\" target=\"_blank\" rel=\"noopener\">Rio de Janeiro<\/a><\/li>\n<li><a title=\"WordCamp Salvador\" href=\"https:\/\/salvador.wordcamp.org\/\" target=\"_blank\" rel=\"noopener\">Salvador<\/a><\/li>\n<li><a title=\"WordCamp S\u00e3o Paulo\" href=\"http:\/\/saopaulo.wordcamp.org\/\" target=\"_blank\" rel=\"noopener\">S\u00e3o Paulo<\/a><\/li>\n<\/ul>\n<p>Meetups<\/p>\n<ul>\n<li><a title=\"Grupo de Meetup sobre WordPress em Belo Horizonte\" href=\"http:\/\/www.meetup.com\/WordPressBeloHorizonte\" target=\"_blank\" rel=\"noopener\">Belo Horizonte<\/a><\/li>\n<li><a title=\"Grupo de Meetup sobre WordPress em Curitiba\" href=\"http:\/\/www.meetup.com\/wpcuritiba\/\" target=\"_blank\" rel=\"noopener\">Curitiba<\/a><\/li>\n<li><a title=\"Grupo de Meetup sobre WordPress em Joinville\" href=\"http:\/\/www.meetup.com\/wpjoinville\/\" target=\"_blank\" rel=\"noopener\">Joinville<\/a><\/li>\n<li><a title=\"Grupo de Meetup sobre WordPress em Porto Alegre\" href=\"http:\/\/www.meetup.com\/wp-poa\/\" target=\"_blank\" rel=\"noopener\">Porto Alegre<\/a><\/li>\n<li><a title=\"Grupo de Meetup sobre WordPress no Rio de Janeiro \" href=\"http:\/\/www.meetup.com\/wp-rio\" target=\"_blank\" rel=\"noopener\">Rio de Janeiro<\/a><\/li>\n<li><a title=\"Grupo de Meetup sobre WordPress em Salvador\" href=\"http:\/\/meetup.com\/wpsalvador\" target=\"_blank\" rel=\"noopener\">Salvador<\/a><\/li>\n<li><a title=\"Grupo de Meetup sobre WordPress em S\u00e3o Paulo\" href=\"http:\/\/www.meetup.com\/wpsampa\/\" target=\"_blank\" rel=\"noopener\">S\u00e3o Paulo<\/a><\/li>\n<\/ul>\n","protected":false},"excerpt":{"rendered":"<p>WordCamp s\u00e3o eventos organizados pelos desenvolvedores e usu\u00e1rios de WordPress ao redor do mundo, onde eles podem assistir palestras, expor ideias e trocar experi\u00eancias em um ambiente informal. Este p\u00fablico \u00e9 formado por designers, blogueiros, publicit\u00e1rios, jornalistas e diversos produtores de conte\u00fado, formando uma comunidade muito criativa. O primeiro WordCamp aconteceu em julho de 2006 &hellip; <a href=\"https:\/\/salvador.wordcamp.org\/2014\/sobre-o-evento\/\" class=\"more-link\">Continuar a ler<span class=\"screen-reader-text\">Sobre o Evento<\/span> <span class=\"meta-nav\">&rarr;<\/span><\/a><\/p>\n","protected":false},"author":1773513,"featured_media":0,"parent":0,"menu_order":0,"comment_status":"open","ping_status":"open","template":"","meta":{"_crdt_document":"","footnotes":""},"class_list":["post-52","page","type-page","status-publish","hentry"],"jetpack_shortlink":"https:\/\/wp.me\/PheUd1-Q","jetpack_likes_enabled":true,"jetpack_sharing_enabled":true,"_links":{"self":[{"href":"https:\/\/salvador.wordcamp.org\/2014\/wp-json\/wp\/v2\/pages\/52","targetHints":{"allow":["GET"]}}],"collection":[{"href":"https:\/\/salvador.wordcamp.org\/2014\/wp-json\/wp\/v2\/pages"}],"about":[{"href":"https:\/\/salvador.wordcamp.org\/2014\/wp-json\/wp\/v2\/types\/page"}],"author":[{"embeddable":true,"href":"https:\/\/salvador.wordcamp.org\/2014\/wp-json\/wp\/v2\/users\/1773513"}],"replies":[{"embeddable":true,"href":"https:\/\/salvador.wordcamp.org\/2014\/wp-json\/wp\/v2\/comments?post=52"}],"version-history":[{"count":4,"href":"https:\/\/salvador.wordcamp.org\/2014\/wp-json\/wp\/v2\/pages\/52\/revisions"}],"predecessor-version":[{"id":6332,"href":"https:\/\/salvador.wordcamp.org\/2014\/wp-json\/wp\/v2\/pages\/52\/revisions\/6332"}],"wp:attachment":[{"href":"https:\/\/salvador.wordcamp.org\/2014\/wp-json\/wp\/v2\/media?parent=52"}],"curies":[{"name":"wp","href":"https:\/\/api.w.org\/{rel}","templated":true}]}}