{"id":497,"date":"2014-11-11T12:20:02","date_gmt":"2014-11-11T15:20:02","guid":{"rendered":"https:\/\/2014.salvador.wordcamp.org\/?page_id=497"},"modified":"2014-11-11T19:09:14","modified_gmt":"2014-11-11T22:09:14","slug":"programacao","status":"publish","type":"page","link":"https:\/\/salvador.wordcamp.org\/2014\/programacao\/","title":{"rendered":"Programa\u00e7\u00e3o"},"content":{"rendered":"<p>A programa\u00e7\u00e3o do WordCamp conta com 18 palestras, esperamos que gostem dos temas que selecionamos para est\u00e1 edi\u00e7\u00e3o do evento.<\/p>\n<p>Fa\u00e7a j\u00e1 sua <a href=\"https:\/\/2014.salvador.wordcamp.org\/inscricoes\/\" title=\"Inscri\u00e7\u00f5es\">inscri\u00e7\u00e3o<\/a><\/p>\n<table class=\"wcpt-schedule\" border=\"0\"><thead><tr><th class=\"wcpt-col-time\">Hora<\/th><th class=\"wcpt-col-track\"> <span class=\"wcpt-track-name\">Audit\u00f3rio<\/span> <span class=\"wcpt-track-description\"><\/span> <\/th><th class=\"wcpt-col-track\"> <span class=\"wcpt-track-name\">Mini Audit\u00f3rio<\/span> <span class=\"wcpt-track-description\"><\/span> <\/th><\/tr><\/thead><tbody><tr class=\"wcpt-time-0800 global-session credenciamento\"><td class=\"wcpt-time\">08:00<\/td><td colspan=\"2\" class=\"wcb-track-auditorio wcb-track-credenciamento wcb-track-mini-auditorio wcpt-session-type-custom wcb-session-credenciamento\" data-track-title=\"Audit\u00f3rio, Credenciamento, Mini Audit\u00f3rio\" data-session-id=\"505\"><div class=\"wcb-session-cell-content\"><span class=\"wcpt-session-title\">Credenciamento<\/span><\/div><\/td><\/tr><tr class=\"wcpt-time-0830 global-session abertura\"><td class=\"wcpt-time\">08:30<\/td><td colspan=\"2\" class=\"wcb-track-abertura wcb-track-auditorio wcb-track-mini-auditorio wcpt-session-type-custom wcb-session-abertura\" data-track-title=\"Abertura, Audit\u00f3rio, Mini Audit\u00f3rio\" data-session-id=\"507\"><div class=\"wcb-session-cell-content\"><span class=\"wcpt-session-title\">Abertura<\/span><\/div><\/td><\/tr><tr class=\"wcpt-time-0900\"><td class=\"wcpt-time\">09:00<\/td><td colspan=\"1\" class=\"wcb-speaker-nicholas-andre-pinho-de-oliveira wcb-track-auditorio wcb-track-desenvolvimento wcpt-session-type-session wcb-session-wordpress-multisite-desenvolvendo-portais-com-sites-interligados\" data-track-title=\"Audit\u00f3rio, Desenvolvimento\" data-session-id=\"542\"><div class=\"wcb-session-cell-content\"><a class=\"wcpt-session-title\" href=\"https:\/\/salvador.wordcamp.org\/2014\/session\/wordpress-multisite-desenvolvendo-portais-com-sites-interligados\/\">WordPress Multisite: Desenvolvendo Portais com sites Interligados<\/a> <span class=\"wcpt-session-speakers\"><a href=\"https:\/\/salvador.wordcamp.org\/2014\/speaker\/nicholas-andre-pinho-de-oliveira\/\">N\u00edcholas Andr\u00e9 Pinho de Oliveira<\/a><\/span><\/div><div class=\"wcb-session-favourite-icon\"><a href=\"#\" role=\"button\" class=\"fav-session-button\" aria-pressed=\"false\"><span class=\"screen-reader-text\">Sess\u00e3o favorita: WordPress Multisite: Desenvolvendo Portais com sites Interligados<\/span><span class=\"dashicons dashicons-star-filled\"><\/span><\/a><\/div><\/td><td colspan=\"1\" class=\"wcb-speaker-marcio-souza-serdeira wcb-track-conteudo wcb-track-mini-auditorio wcpt-session-type-session wcb-session-tecnologia-a-favor-da-divulgacao-da-alfabetizacao-cientifica-em-escolas-publicas-do-estado-do-amazonas\" data-track-title=\"Conte\u00fado, Mini Audit\u00f3rio\" data-session-id=\"540\"><div class=\"wcb-session-cell-content\"><a class=\"wcpt-session-title\" href=\"https:\/\/salvador.wordcamp.org\/2014\/session\/tecnologia-a-favor-da-divulgacao-da-alfabetizacao-cientifica-em-escolas-publicas-do-estado-do-amazonas\/\">Tecnologia \u00e0 favor da Divulga\u00e7\u00e3o da Alfabetiza\u00e7\u00e3o Cient\u00edfica em escolas p\u00fablicas do estado do Amazonas<\/a> <span class=\"wcpt-session-speakers\"><a href=\"https:\/\/salvador.wordcamp.org\/2014\/speaker\/marcio-souza-serdeira\/\">M\u00e1rcio Souza Serdeira<\/a><\/span><\/div><div class=\"wcb-session-favourite-icon\"><a href=\"#\" role=\"button\" class=\"fav-session-button\" aria-pressed=\"false\"><span class=\"screen-reader-text\">Sess\u00e3o favorita: Tecnologia \u00e0 favor da Divulga\u00e7\u00e3o da Alfabetiza\u00e7\u00e3o Cient\u00edfica em escolas p\u00fablicas do estado do Amazonas<\/span><span class=\"dashicons dashicons-star-filled\"><\/span><\/a><\/div><\/td><\/tr><tr class=\"wcpt-time-0945\"><td class=\"wcpt-time\">09:45<\/td><td colspan=\"1\" class=\"wcb-speaker-cristal-bittencourt wcb-track-auditorio wcb-track-conteudo wcpt-session-type-session wcb-session-workflow-da-criacao-de-conteudo-do-planejamento-ao-post\" data-track-title=\"Audit\u00f3rio, Conte\u00fado\" data-session-id=\"771\"><div class=\"wcb-session-cell-content\"><a class=\"wcpt-session-title\" href=\"https:\/\/salvador.wordcamp.org\/2014\/session\/workflow-da-criacao-de-conteudo-do-planejamento-ao-post\/\">Workflow da cria\u00e7\u00e3o de conte\u00fado: do planejamento ao post<\/a> <span class=\"wcpt-session-speakers\"><a href=\"https:\/\/salvador.wordcamp.org\/2014\/speaker\/cristal-bittencourt\/\">Cristal Bittencourt<\/a><\/span><\/div><div class=\"wcb-session-favourite-icon\"><a href=\"#\" role=\"button\" class=\"fav-session-button\" aria-pressed=\"false\"><span class=\"screen-reader-text\">Sess\u00e3o favorita: Workflow da cria\u00e7\u00e3o de conte\u00fado: do planejamento ao post<\/span><span class=\"dashicons dashicons-star-filled\"><\/span><\/a><\/div><\/td><td colspan=\"1\" class=\"wcb-speaker-ted-k wcb-track-design wcb-track-mini-auditorio wcpt-session-type-session wcb-session-wordpress-para-seus-clientes\" data-track-title=\"Design, Mini Audit\u00f3rio\" data-session-id=\"545\"><div class=\"wcb-session-cell-content\"><a class=\"wcpt-session-title\" href=\"https:\/\/salvador.wordcamp.org\/2014\/session\/wordpress-para-seus-clientes\/\">WordPress para seus Clientes<\/a> <span class=\"wcpt-session-speakers\"><a href=\"https:\/\/salvador.wordcamp.org\/2014\/speaker\/ted-k\/\">Ted K&#8217;<\/a><\/span><\/div><div class=\"wcb-session-favourite-icon\"><a href=\"#\" role=\"button\" class=\"fav-session-button\" aria-pressed=\"false\"><span class=\"screen-reader-text\">Sess\u00e3o favorita: WordPress para seus Clientes<\/span><span class=\"dashicons dashicons-star-filled\"><\/span><\/a><\/div><\/td><\/tr><tr class=\"wcpt-time-1030\"><td class=\"wcpt-time\">10:30<\/td><td colspan=\"1\" class=\"wcb-speaker-mario-jorge wcb-track-auditorio wcb-track-design wcpt-session-type-session wcb-session-wordpress-na-nuvem\" data-track-title=\"Audit\u00f3rio, Design\" data-session-id=\"554\"><div class=\"wcb-session-cell-content\"><a class=\"wcpt-session-title\" href=\"https:\/\/salvador.wordcamp.org\/2014\/session\/wordpress-na-nuvem\/\">WordPress na Nuvem<\/a> <span class=\"wcpt-session-speakers\"><a href=\"https:\/\/salvador.wordcamp.org\/2014\/speaker\/mario-jorge\/\">Mario Jorge<\/a><\/span><\/div><div class=\"wcb-session-favourite-icon\"><a href=\"#\" role=\"button\" class=\"fav-session-button\" aria-pressed=\"false\"><span class=\"screen-reader-text\">Sess\u00e3o favorita: WordPress na Nuvem<\/span><span class=\"dashicons dashicons-star-filled\"><\/span><\/a><\/div><\/td><td colspan=\"1\" class=\"wcb-speaker-helton-bezerra-da-silva wcb-track-design wcb-track-mini-auditorio wcpt-session-type-session wcb-session-programacao-visual-aplicada-para-blogueiros\" data-track-title=\"Design, Mini Audit\u00f3rio\" data-session-id=\"551\"><div class=\"wcb-session-cell-content\"><a class=\"wcpt-session-title\" href=\"https:\/\/salvador.wordcamp.org\/2014\/session\/programacao-visual-aplicada-para-blogueiros\/\">Programa\u00e7\u00e3o Visual Aplicada para Blogueiros<\/a> <span class=\"wcpt-session-speakers\"><a href=\"https:\/\/salvador.wordcamp.org\/2014\/speaker\/helton-bezerra-da-silva\/\">Helton Bezerra da Silva<\/a><\/span><\/div><div class=\"wcb-session-favourite-icon\"><a href=\"#\" role=\"button\" class=\"fav-session-button\" aria-pressed=\"false\"><span class=\"screen-reader-text\">Sess\u00e3o favorita: Programa\u00e7\u00e3o Visual Aplicada para Blogueiros<\/span><span class=\"dashicons dashicons-star-filled\"><\/span><\/a><\/div><\/td><\/tr><tr class=\"wcpt-time-1115\"><td class=\"wcpt-time\">11:15<\/td><td colspan=\"1\" class=\"wcb-speaker-sergio-costa wcb-track-auditorio wcb-track-desenvolvimento wcpt-session-type-session wcb-session-o-essencial-para-um-bom-desempenho-do-seu-projeto-em-wordpress\" data-track-title=\"Audit\u00f3rio, Desenvolvimento\" data-session-id=\"556\"><div class=\"wcb-session-cell-content\"><a class=\"wcpt-session-title\" href=\"https:\/\/salvador.wordcamp.org\/2014\/session\/o-essencial-para-um-bom-desempenho-do-seu-projeto-em-wordpress\/\">O essencial para um bom desempenho do seu projeto em WordPress<\/a> <span class=\"wcpt-session-speakers\"><a href=\"https:\/\/salvador.wordcamp.org\/2014\/speaker\/sergio-costa\/\">Sergio Costa<\/a><\/span><\/div><div class=\"wcb-session-favourite-icon\"><a href=\"#\" role=\"button\" class=\"fav-session-button\" aria-pressed=\"false\"><span class=\"screen-reader-text\">Sess\u00e3o favorita: O essencial para um bom desempenho do seu projeto em WordPress<\/span><span class=\"dashicons dashicons-star-filled\"><\/span><\/a><\/div><\/td><td colspan=\"1\" class=\"wcb-speaker-fernando-barreto wcb-track-conteudo wcb-track-mini-auditorio wcpt-session-type-session wcb-session-wordpress-seguranca-e-plugins\" data-track-title=\"Conte\u00fado, Mini Audit\u00f3rio\" data-session-id=\"560\"><div class=\"wcb-session-cell-content\"><a class=\"wcpt-session-title\" href=\"https:\/\/salvador.wordcamp.org\/2014\/session\/wordpress-seguranca-e-plugins\/\">WordPress: seguran\u00e7a e plugins<\/a> <span class=\"wcpt-session-speakers\"><a href=\"https:\/\/salvador.wordcamp.org\/2014\/speaker\/fernando-barreto\/\">Fernando Barreto<\/a><\/span><\/div><div class=\"wcb-session-favourite-icon\"><a href=\"#\" role=\"button\" class=\"fav-session-button\" aria-pressed=\"false\"><span class=\"screen-reader-text\">Sess\u00e3o favorita: WordPress: seguran\u00e7a e plugins<\/span><span class=\"dashicons dashicons-star-filled\"><\/span><\/a><\/div><\/td><\/tr><tr class=\"wcpt-time-1200 global-session almoo\"><td class=\"wcpt-time\">12:00<\/td><td colspan=\"2\" class=\"wcb-track-almoco wcb-track-auditorio wcb-track-mini-auditorio wcpt-session-type-custom wcb-session-almoco\" data-track-title=\"Almo\u00e7o, Audit\u00f3rio, Mini Audit\u00f3rio\" data-session-id=\"562\"><div class=\"wcb-session-cell-content\"><span class=\"wcpt-session-title\">Almo\u00e7o<\/span><\/div><\/td><\/tr><tr class=\"wcpt-time-1400\"><td class=\"wcpt-time\">14:00<\/td><td colspan=\"1\" class=\"wcb-speaker-juan-manuel-arias wcb-track-auditorio wcb-track-desenvolvimento wcpt-session-type-session wcb-session-usando-git-e-scrum-para-trabalhar-em-equipe\" data-track-title=\"Audit\u00f3rio, Desenvolvimento\" data-session-id=\"567\"><div class=\"wcb-session-cell-content\"><a class=\"wcpt-session-title\" href=\"https:\/\/salvador.wordcamp.org\/2014\/session\/usando-git-e-scrum-para-trabalhar-em-equipe\/\">Usando Git e Scrum para trabalhar em equipe<\/a> <span class=\"wcpt-session-speakers\"><a href=\"https:\/\/salvador.wordcamp.org\/2014\/speaker\/juan-manuel-arias\/\">Juan Manuel Arias<\/a><\/span><\/div><div class=\"wcb-session-favourite-icon\"><a href=\"#\" role=\"button\" class=\"fav-session-button\" aria-pressed=\"false\"><span class=\"screen-reader-text\">Sess\u00e3o favorita: Usando Git e Scrum para trabalhar em equipe<\/span><span class=\"dashicons dashicons-star-filled\"><\/span><\/a><\/div><\/td><td colspan=\"1\" class=\"wcb-speaker-ian-castro wcb-track-desenvolvimento wcb-track-mini-auditorio wcpt-session-type-session wcb-session-seo-para-wordpress-uma-abordagem-pratica\" data-track-title=\"Desenvolvimento, Mini Audit\u00f3rio\" data-session-id=\"564\"><div class=\"wcb-session-cell-content\"><a class=\"wcpt-session-title\" href=\"https:\/\/salvador.wordcamp.org\/2014\/session\/seo-para-wordpress-uma-abordagem-pratica\/\">SEO para WordPress: uma abordagem pr\u00e1tica<\/a> <span class=\"wcpt-session-speakers\"><a href=\"https:\/\/salvador.wordcamp.org\/2014\/speaker\/ian-castro\/\">Ian Castro<\/a><\/span><\/div><div class=\"wcb-session-favourite-icon\"><a href=\"#\" role=\"button\" class=\"fav-session-button\" aria-pressed=\"false\"><span class=\"screen-reader-text\">Sess\u00e3o favorita: SEO para WordPress: uma abordagem pr\u00e1tica<\/span><span class=\"dashicons dashicons-star-filled\"><\/span><\/a><\/div><\/td><\/tr><tr class=\"wcpt-time-1445\"><td class=\"wcpt-time\">14:45<\/td><td colspan=\"1\" class=\"wcb-speaker-claudio-sanches wcb-track-auditorio wcb-track-desenvolvimento wcpt-session-type-session wcb-session-aprenda-a-criar-uma-loja-com-woocommerce\" data-track-title=\"Audit\u00f3rio, Desenvolvimento\" data-session-id=\"502\"><div class=\"wcb-session-cell-content\"><a class=\"wcpt-session-title\" href=\"https:\/\/salvador.wordcamp.org\/2014\/session\/aprenda-a-criar-uma-loja-com-woocommerce\/\">Aprenda a criar uma loja com WooCommerce<\/a> <span class=\"wcpt-session-speakers\"><a href=\"https:\/\/salvador.wordcamp.org\/2014\/speaker\/claudio-sanches\/\">Claudio Sanches<\/a><\/span><\/div><div class=\"wcb-session-favourite-icon\"><a href=\"#\" role=\"button\" class=\"fav-session-button\" aria-pressed=\"false\"><span class=\"screen-reader-text\">Sess\u00e3o favorita: Aprenda a criar uma loja com WooCommerce<\/span><span class=\"dashicons dashicons-star-filled\"><\/span><\/a><\/div><\/td><td colspan=\"1\" class=\"wcb-speaker-gabriel-stroligo wcb-track-design wcb-track-mini-auditorio wcpt-session-type-session wcb-session-como-montar-seu-front-end-com-gantry-no-wordpress\" data-track-title=\"Design, Mini Audit\u00f3rio\" data-session-id=\"570\"><div class=\"wcb-session-cell-content\"><a class=\"wcpt-session-title\" href=\"https:\/\/salvador.wordcamp.org\/2014\/session\/como-montar-seu-front-end-com-gantry-no-wordpress\/\">Como montar seu Front End com Gantry no WordPress<\/a> <span class=\"wcpt-session-speakers\"><a href=\"https:\/\/salvador.wordcamp.org\/2014\/speaker\/gabriel-stroligo\/\">Gabriel Stroligo<\/a><\/span><\/div><div class=\"wcb-session-favourite-icon\"><a href=\"#\" role=\"button\" class=\"fav-session-button\" aria-pressed=\"false\"><span class=\"screen-reader-text\">Sess\u00e3o favorita: Como montar seu Front End com Gantry no WordPress<\/span><span class=\"dashicons dashicons-star-filled\"><\/span><\/a><\/div><\/td><\/tr><tr class=\"wcpt-time-1530\"><td class=\"wcpt-time\">15:30<\/td><td colspan=\"1\" class=\"wcb-speaker-michele-silva wcb-track-auditorio wcb-track-desenvolvimento wcpt-session-type-session wcb-session-teste-cabra-da-peste\" data-track-title=\"Audit\u00f3rio, Desenvolvimento\" data-session-id=\"576\"><div class=\"wcb-session-cell-content\"><a class=\"wcpt-session-title\" href=\"https:\/\/salvador.wordcamp.org\/2014\/session\/teste-cabra-da-peste\/\">Teste, cabra da peste!<\/a> <span class=\"wcpt-session-speakers\"><a href=\"https:\/\/salvador.wordcamp.org\/2014\/speaker\/michele-silva\/\">Michele Silva<\/a><\/span><\/div><div class=\"wcb-session-favourite-icon\"><a href=\"#\" role=\"button\" class=\"fav-session-button\" aria-pressed=\"false\"><span class=\"screen-reader-text\">Sess\u00e3o favorita: Teste, cabra da peste!<\/span><span class=\"dashicons dashicons-star-filled\"><\/span><\/a><\/div><\/td><td colspan=\"1\" class=\"wcb-speaker-amon-caldas wcb-track-desenvolvimento wcb-track-mini-auditorio wcpt-session-type-session wcb-session-as-nova-tecnologias-hack-e-hhvm-do-facebook-e-o-wordpress\" data-track-title=\"Desenvolvimento, Mini Audit\u00f3rio\" data-session-id=\"574\"><div class=\"wcb-session-cell-content\"><a class=\"wcpt-session-title\" href=\"https:\/\/salvador.wordcamp.org\/2014\/session\/as-nova-tecnologias-hack-e-hhvm-do-facebook-e-o-wordpress\/\">As novas tecnologias Hack e HHVM do Facebook e o WordPress<\/a> <span class=\"wcpt-session-speakers\"><a href=\"https:\/\/salvador.wordcamp.org\/2014\/speaker\/amon-caldas\/\">Amon Caldas<\/a><\/span><\/div><div class=\"wcb-session-favourite-icon\"><a href=\"#\" role=\"button\" class=\"fav-session-button\" aria-pressed=\"false\"><span class=\"screen-reader-text\">Sess\u00e3o favorita: As novas tecnologias Hack e HHVM do Facebook e o WordPress<\/span><span class=\"dashicons dashicons-star-filled\"><\/span><\/a><\/div><\/td><\/tr><tr class=\"wcpt-time-1615 global-session coffee-break\"><td class=\"wcpt-time\">16:15<\/td><td colspan=\"2\" class=\"wcb-track-auditorio wcb-track-coofee-break wcb-track-mini-auditorio wcpt-session-type-custom wcb-session-coffee-break\" data-track-title=\"Audit\u00f3rio, Coofee Break, Mini Audit\u00f3rio\" data-session-id=\"594\"><div class=\"wcb-session-cell-content\"><span class=\"wcpt-session-title\">Coffee Break<\/span><\/div><\/td><\/tr><tr class=\"wcpt-time-1700\"><td class=\"wcpt-time\">17:00<\/td><td colspan=\"1\" class=\"wcb-speaker-valerio-souza wcb-track-auditorio wcb-track-conteudo wcpt-session-type-session wcb-session-wordpress-para-redatores-jornalistas-publicitarios-e-blogueiros\" data-track-title=\"Audit\u00f3rio, Conte\u00fado\" data-session-id=\"572\"><div class=\"wcb-session-cell-content\"><a class=\"wcpt-session-title\" href=\"https:\/\/salvador.wordcamp.org\/2014\/session\/wordpress-para-redatores-jornalistas-publicitarios-e-blogueiros\/\">WordPress para Redatores, Jornalistas, Publicit\u00e1rios e Blogueiros<\/a> <span class=\"wcpt-session-speakers\"><a href=\"https:\/\/salvador.wordcamp.org\/2014\/speaker\/valerio-souza\/\">Val\u00e9rio Souza<\/a><\/span><\/div><div class=\"wcb-session-favourite-icon\"><a href=\"#\" role=\"button\" class=\"fav-session-button\" aria-pressed=\"false\"><span class=\"screen-reader-text\">Sess\u00e3o favorita: WordPress para Redatores, Jornalistas, Publicit\u00e1rios e Blogueiros<\/span><span class=\"dashicons dashicons-star-filled\"><\/span><\/a><\/div><\/td><td colspan=\"1\" class=\"wcb-speaker-priscilla-arruda-saldanha wcb-track-conteudo wcb-track-mini-auditorio wcpt-session-type-session wcb-session-personal-branding-atraves-dos-blogs\" data-track-title=\"Conte\u00fado, Mini Audit\u00f3rio\" data-session-id=\"582\"><div class=\"wcb-session-cell-content\"><a class=\"wcpt-session-title\" href=\"https:\/\/salvador.wordcamp.org\/2014\/session\/personal-branding-atraves-dos-blogs\/\">Personal Branding atrav\u00e9s dos Blogs<\/a> <span class=\"wcpt-session-speakers\"><a href=\"https:\/\/salvador.wordcamp.org\/2014\/speaker\/priscilla-arruda-saldanha\/\">Priscilla Arruda Saldanha<\/a><\/span><\/div><div class=\"wcb-session-favourite-icon\"><a href=\"#\" role=\"button\" class=\"fav-session-button\" aria-pressed=\"false\"><span class=\"screen-reader-text\">Sess\u00e3o favorita: Personal Branding atrav\u00e9s dos Blogs<\/span><span class=\"dashicons dashicons-star-filled\"><\/span><\/a><\/div><\/td><\/tr><tr class=\"wcpt-time-1745\"><td class=\"wcpt-time\">17:45<\/td><td colspan=\"1\" class=\"wcb-speaker-fellyph-cintra wcb-track-auditorio wcb-track-design wcpt-session-type-session wcb-session-dicas-para-workflow-wordpress-javascript\" data-track-title=\"Audit\u00f3rio, Design\" data-session-id=\"584\"><div class=\"wcb-session-cell-content\"><a class=\"wcpt-session-title\" href=\"https:\/\/salvador.wordcamp.org\/2014\/session\/dicas-para-workflow-wordpress-javascript\/\">Dicas para Workflow WordPress + JavaScript<\/a> <span class=\"wcpt-session-speakers\"><a href=\"https:\/\/salvador.wordcamp.org\/2014\/speaker\/fellyph-cintra\/\">Fellyph Cintra<\/a><\/span><\/div><div class=\"wcb-session-favourite-icon\"><a href=\"#\" role=\"button\" class=\"fav-session-button\" aria-pressed=\"false\"><span class=\"screen-reader-text\">Sess\u00e3o favorita: Dicas para Workflow WordPress + JavaScript<\/span><span class=\"dashicons dashicons-star-filled\"><\/span><\/a><\/div><\/td><td colspan=\"1\" class=\"wcb-speaker-bruno-calheira-dos-santos wcb-track-desenvolvimento wcb-track-mini-auditorio wcpt-session-type-session wcb-session-use-git-e-perca-seu-medo-de-errar\" data-track-title=\"Desenvolvimento, Mini Audit\u00f3rio\" data-session-id=\"586\"><div class=\"wcb-session-cell-content\"><a class=\"wcpt-session-title\" href=\"https:\/\/salvador.wordcamp.org\/2014\/session\/use-git-e-perca-seu-medo-de-errar\/\">Use Git e perca seu medo de errar<\/a> <span class=\"wcpt-session-speakers\"><a href=\"https:\/\/salvador.wordcamp.org\/2014\/speaker\/bruno-calheira-dos-santos\/\">Bruno Calheira dos Santos<\/a><\/span><\/div><div class=\"wcb-session-favourite-icon\"><a href=\"#\" role=\"button\" class=\"fav-session-button\" aria-pressed=\"false\"><span class=\"screen-reader-text\">Sess\u00e3o favorita: Use Git e perca seu medo de errar<\/span><span class=\"dashicons dashicons-star-filled\"><\/span><\/a><\/div><\/td><\/tr><tr class=\"wcpt-time-1830 global-session encerramento\"><td class=\"wcpt-time\">18:30<\/td><td colspan=\"2\" class=\"wcb-track-auditorio wcb-track-encerramento wcb-track-mini-auditorio wcpt-session-type-custom wcb-session-encerramento\" data-track-title=\"Audit\u00f3rio, Encerramento, Mini Audit\u00f3rio\" data-session-id=\"592\"><div class=\"wcb-session-cell-content\"><span class=\"wcpt-session-title\">Encerramento<\/span><\/div><\/td><\/tr><\/tbody><\/table>\n\t<div class=\"email-form fav-session-email-form-hide\">\n\t\t<!-- Tab links -->\n\t\t<div class=\"fav-session-share-tab\">\n\t\t\t\t\t\t\t<div class=\"fav-session-tablinks\" id=\"fav-session-btn-email\">\n\t\t\t\t\tEmail\t\t\t\t<\/div>\n\t\t\t\n\t\t\t<div class=\"fav-session-tablinks\" id=\"fav-session-btn-link\">\n\t\t\t\tLiga\u00e7\u00e3o\t\t\t<\/div>\n\n\t\t\t<div class=\"fav-session-tablinks\" id=\"fav-session-btn-print\">\n\t\t\t\tImprimir\t\t\t<\/div>\n\t\t<\/div>\n\n\t\t<!-- Tab content -->\n\t\t\t\t\t<div id=\"fav-session-tab-email\" class=\"fav-session-share-tabcontent\">\n\t\t\t\t<div id=\"fav-session-email-form\">\n\t\t\t\t\tEnvie-me as minhas sess\u00f5es favoritas:\n\t\t\t\t\t<form id=\"fav-sessions-form\">\n\t\t\t\t\t\t<input\n\t\t\t\t\t\t\ttype=\"text\"\n\t\t\t\t\t\t\tname=\"email_address\"\n\t\t\t\t\t\t\tid=\"fav-sessions-email-address\"\n\t\t\t\t\t\t\tplaceholder=\"me@protonmail.com\"\n\t\t\t\t\t\t\/>\n\t\t\t\t\t\t<input type=\"submit\" value=\"Enviar\" \/>\n\t\t\t\t\t<\/form>\n\t\t\t\t<\/div>\n\n\t\t\t\t<div class=\"fav-session-email-wait-spinner\"><\/div>\n\t\t\t\t<div class=\"fav-session-email-result\"><\/div>\n\t\t\t<\/div>\n\t\t\n\t\t<div id=\"fav-session-tab-link\" class=\"fav-session-share-tabcontent\">\n\t\t\tShareable link:\t\t\t<br \/>\n\t\t\t<a id=\"fav-sessions-link\" href=\"\"><\/a>\n\t\t<\/div>\n\n\t\t<div id=\"fav-session-tab-print\" class=\"fav-session-share-tabcontent\">\n\t\t\t<button id=\"fav-session-print\">\n\t\t\t\tPrint favorite sessions\t\t\t<\/button>\n\t\t<\/div>\n\t<\/div>\n\n\t<a class=\"show-email-form\" href=\"javascript:\">\n\t\t<span class=\"dashicons dashicons-star-filled\"><\/span>\n\t\t<span class=\"dashicons dashicons-email-alt\"><\/span>\n\t<\/a>\n\n\t\n","protected":false},"excerpt":{"rendered":"<p>A programa\u00e7\u00e3o do WordCamp conta com 18 palestras, esperamos que gostem dos temas que selecionamos para est\u00e1 edi\u00e7\u00e3o do evento. Fa\u00e7a j\u00e1 sua inscri\u00e7\u00e3o<\/p>\n","protected":false},"author":1773513,"featured_media":0,"parent":0,"menu_order":0,"comment_status":"open","ping_status":"open","template":"","meta":{"_crdt_document":"","footnotes":""},"class_list":["post-497","page","type-page","status-publish","hentry"],"jetpack_shortlink":"https:\/\/wp.me\/PheUd1-81","jetpack_likes_enabled":true,"jetpack_sharing_enabled":true,"_links":{"self":[{"href":"https:\/\/salvador.wordcamp.org\/2014\/wp-json\/wp\/v2\/pages\/497","targetHints":{"allow":["GET"]}}],"collection":[{"href":"https:\/\/salvador.wordcamp.org\/2014\/wp-json\/wp\/v2\/pages"}],"about":[{"href":"https:\/\/salvador.wordcamp.org\/2014\/wp-json\/wp\/v2\/types\/page"}],"author":[{"embeddable":true,"href":"https:\/\/salvador.wordcamp.org\/2014\/wp-json\/wp\/v2\/users\/1773513"}],"replies":[{"embeddable":true,"href":"https:\/\/salvador.wordcamp.org\/2014\/wp-json\/wp\/v2\/comments?post=497"}],"version-history":[{"count":12,"href":"https:\/\/salvador.wordcamp.org\/2014\/wp-json\/wp\/v2\/pages\/497\/revisions"}],"predecessor-version":[{"id":669,"href":"https:\/\/salvador.wordcamp.org\/2014\/wp-json\/wp\/v2\/pages\/497\/revisions\/669"}],"wp:attachment":[{"href":"https:\/\/salvador.wordcamp.org\/2014\/wp-json\/wp\/v2\/media?parent=497"}],"curies":[{"name":"wp","href":"https:\/\/api.w.org\/{rel}","templated":true}]}}