{"id":211,"date":"2014-10-15T08:50:32","date_gmt":"2014-10-15T11:50:32","guid":{"rendered":"https:\/\/2014.salvador.wordcamp.org\/?page_id=211"},"modified":"2014-11-12T17:48:50","modified_gmt":"2014-11-12T20:48:50","slug":"press-release","status":"publish","type":"page","link":"https:\/\/salvador.wordcamp.org\/2014\/sobre-o-evento\/press-release\/","title":{"rendered":"Press Release"},"content":{"rendered":"<h2>WordCamp Salvador, um evento para blogueiros, designers, produtores de conte\u00fado, programadores&#8230; enfim, um evento para quem ama WordPress<\/h2>\n<p>Salvador est\u00e1 se preparando para receber o seu primeiro WordCamp, a confer\u00eancia oficial da comunidade WordPress realizada em diversas cidades do mundo. A edi\u00e7\u00e3o de Salvador acontecer\u00e1 no dia <strong>06 de dezembro<\/strong>, na Faculdade 02 de Julho, e ser\u00e1 o primeiro realizado fora do sul\/ sudeste do Brasil.<\/p>\n<p>As atividades ter\u00e3o inicio \u00e0s 8h, com pausa para almo\u00e7o das 12h \u00e0s 13h30, encerrando \u00e0s 18h. A entrada no evento custar\u00e1 R$ 35,00 e dar\u00e1 acesso a palestras que ter\u00e3o diversos temas que interessam aos usu\u00e1rios do WordPress, que s\u00e3o formados principalmente por designers, blogueiros, publicit\u00e1rios, jornalistas e produtores de conte\u00fado.<\/p>\n<figure id=\"attachment_213\" aria-describedby=\"caption-attachment-213\" style=\"width: 1040px\" class=\"wp-caption aligncenter\"><img loading=\"lazy\" decoding=\"async\" data-attachment-id=\"213\" data-permalink=\"https:\/\/salvador.wordcamp.org\/2014\/sobre-o-evento\/press-release\/wordcamp-belo-horizonte-2014\/\" data-orig-file=\"https:\/\/salvador.wordcamp.org\/2014\/files\/2014\/10\/WordCamp-Belo-Horizonte-2014.jpg\" data-orig-size=\"1040,396\" data-comments-opened=\"1\" data-image-meta=\"{&quot;aperture&quot;:&quot;0&quot;,&quot;credit&quot;:&quot;Photographer: Carlos Rocha&quot;,&quot;camera&quot;:&quot;&quot;,&quot;caption&quot;:&quot;&quot;,&quot;created_timestamp&quot;:&quot;1400353145&quot;,&quot;copyright&quot;:&quot;Copyright: linkphoto.com.br&quot;,&quot;focal_length&quot;:&quot;0&quot;,&quot;iso&quot;:&quot;0&quot;,&quot;shutter_speed&quot;:&quot;0&quot;,&quot;title&quot;:&quot;&quot;,&quot;orientation&quot;:&quot;0&quot;}\" data-image-title=\"WordCamp Belo Horizonte 2014\" data-image-description=\"&lt;p&gt;Foto do encerramento do WordCamp Belo Horizonte 2014&lt;\/p&gt;\n\" data-image-caption=\"&lt;p&gt;Foto do encerramento do WordCamp Belo Horizonte 2014&lt;\/p&gt;\n\" data-large-file=\"https:\/\/salvador.wordcamp.org\/2014\/files\/2014\/10\/WordCamp-Belo-Horizonte-2014-1024x389.jpg\" src=\"https:\/\/2014.salvador.wordcamp.org\/files\/2014\/10\/WordCamp-Belo-Horizonte-2014.jpg\" alt=\"WordCamp Belo Horizonte 2014\" width=\"1040\" height=\"396\" class=\"size-full wp-image-213\" srcset=\"https:\/\/salvador.wordcamp.org\/2014\/files\/2014\/10\/WordCamp-Belo-Horizonte-2014.jpg 1040w, https:\/\/salvador.wordcamp.org\/2014\/files\/2014\/10\/WordCamp-Belo-Horizonte-2014-300x114.jpg 300w, https:\/\/salvador.wordcamp.org\/2014\/files\/2014\/10\/WordCamp-Belo-Horizonte-2014-1024x389.jpg 1024w, https:\/\/salvador.wordcamp.org\/2014\/files\/2014\/10\/WordCamp-Belo-Horizonte-2014-500x190.jpg 500w\" sizes=\"auto, (max-width: 1040px) 100vw, 1040px\" \/><figcaption id=\"caption-attachment-213\" class=\"wp-caption-text\">Foto do encerramento do WordCamp Belo Horizonte 2014<\/figcaption><\/figure>\n<p>Criado em 2003, o WordPress \u00e9 hoje a plataforma para cria\u00e7\u00e3o e gerenciamento de blogs e sites mais utilizada em todo mundo. Cerca de 23% de todo conte\u00fado da internet atual roda no sistema, desde blogs pessoais at\u00e9 portais corporativos. Al\u00e9m de ser livre, gratuita e de ter vers\u00f5es em v\u00e1rios idiomas, a plataforma atingiu esse n\u00edvel de popularidade gra\u00e7as a uma comunidade de milhares de designers e desenvolvedores que desenvolvem temas (padr\u00f5es de design visual) e plugins (m\u00f3dulos auxiliares que adicionam fun\u00e7\u00f5es ao WordPress).<\/p>\n<p>As inscri\u00e7\u00f5es podem ser feitas <a href=\"https:\/\/2014.salvador.wordcamp.org\/inscricoes\/\" target=\"_blank\">aqui<\/a> e, quem se interessar, pode se tornar <a href=\"https:\/\/2014.salvador.wordcamp.org\/seja-um-palestrante\/\" target=\"_blank\">palestrante<\/a>, <a href=\"https:\/\/2014.salvador.wordcamp.org\/seja-um-voluntario\/\" target=\"_blank\">volunt\u00e1rio<\/a> ou <a href=\"https:\/\/2014.salvador.wordcamp.org\/patrocinar-o-evento\" target=\"_blank\">patrocinar o evento<\/a>.<\/p>\n<figure id=\"attachment_215\" aria-describedby=\"caption-attachment-215\" style=\"width: 1040px\" class=\"wp-caption aligncenter\"><img loading=\"lazy\" decoding=\"async\" data-attachment-id=\"215\" data-permalink=\"https:\/\/salvador.wordcamp.org\/2014\/sobre-o-evento\/press-release\/wordcamp-rio-de-janeiro-2014\/\" data-orig-file=\"https:\/\/salvador.wordcamp.org\/2014\/files\/2014\/10\/WordCamp-Rio-de-Janeiro-2014.jpg\" data-orig-size=\"1040,504\" data-comments-opened=\"1\" data-image-meta=\"{&quot;aperture&quot;:&quot;0&quot;,&quot;credit&quot;:&quot;Camila Balthazar&quot;,&quot;camera&quot;:&quot;&quot;,&quot;caption&quot;:&quot;&quot;,&quot;created_timestamp&quot;:&quot;0&quot;,&quot;copyright&quot;:&quot;@CamilaBalthazar.2011&quot;,&quot;focal_length&quot;:&quot;0&quot;,&quot;iso&quot;:&quot;0&quot;,&quot;shutter_speed&quot;:&quot;0&quot;,&quot;title&quot;:&quot;&quot;,&quot;orientation&quot;:&quot;0&quot;}\" data-image-title=\"WordCamp Rio de Janeiro 2014\" data-image-description=\"&lt;p&gt;A galera aplaudindo o Maujor no WordCamp Rio de Janeiro 2014&lt;\/p&gt;\n\" data-image-caption=\"&lt;p&gt;A galera aplaudindo o Maujor no WordCamp Rio de Janeiro 2014&lt;\/p&gt;\n\" data-large-file=\"https:\/\/salvador.wordcamp.org\/2014\/files\/2014\/10\/WordCamp-Rio-de-Janeiro-2014-1024x496.jpg\" src=\"https:\/\/2014.salvador.wordcamp.org\/files\/2014\/10\/WordCamp-Rio-de-Janeiro-2014.jpg\" alt=\"WordCamp Rio de Janeiro 2014\" width=\"1040\" height=\"504\" class=\"size-full wp-image-215\" srcset=\"https:\/\/salvador.wordcamp.org\/2014\/files\/2014\/10\/WordCamp-Rio-de-Janeiro-2014.jpg 1040w, https:\/\/salvador.wordcamp.org\/2014\/files\/2014\/10\/WordCamp-Rio-de-Janeiro-2014-300x145.jpg 300w, https:\/\/salvador.wordcamp.org\/2014\/files\/2014\/10\/WordCamp-Rio-de-Janeiro-2014-1024x496.jpg 1024w, https:\/\/salvador.wordcamp.org\/2014\/files\/2014\/10\/WordCamp-Rio-de-Janeiro-2014-500x242.jpg 500w\" sizes=\"auto, (max-width: 1040px) 100vw, 1040px\" \/><figcaption id=\"caption-attachment-215\" class=\"wp-caption-text\">A galera aplaudindo o Maujor no WordCamp Rio de Janeiro 2014<\/figcaption><\/figure>\n<h2>SERVI\u00c7O<\/h2>\n<p>WordCamp Salvador 2014<br \/>\nDia 06 de Dezembro, a partir das 8h<br \/>\nFaculdade 02 de Julho (Av. Leovigildo Filgueiras, 81 &#8211; Garcia, Salvador &#8211; BA)<br \/>\nInscri\u00e7\u00f5es: R$ 35,00<br \/>\nInforma\u00e7\u00f5es: <a href=\"https:\/\/2014.salvador.wordcamp.org\/contato\/\" title=\"Contato\">https:\/\/2014.salvador.wordcamp.org\/contato<\/a><\/p>\n","protected":false},"excerpt":{"rendered":"<p>WordCamp Salvador, um evento para blogueiros, designers, produtores de conte\u00fado, programadores&#8230; enfim, um evento para quem ama WordPress Salvador est\u00e1 se preparando para receber o seu primeiro WordCamp, a confer\u00eancia oficial da comunidade WordPress realizada em diversas cidades do mundo. A edi\u00e7\u00e3o de Salvador acontecer\u00e1 no dia 06 de dezembro, na Faculdade 02 de Julho, &hellip; <a href=\"https:\/\/salvador.wordcamp.org\/2014\/sobre-o-evento\/press-release\/\" class=\"more-link\">Continuar a ler<span class=\"screen-reader-text\">Press Release<\/span> <span class=\"meta-nav\">&rarr;<\/span><\/a><\/p>\n","protected":false},"author":1773513,"featured_media":0,"parent":52,"menu_order":0,"comment_status":"open","ping_status":"closed","template":"","meta":{"_crdt_document":"","footnotes":""},"class_list":["post-211","page","type-page","status-publish","hentry"],"jetpack_shortlink":"https:\/\/wp.me\/PheUd1-3p","jetpack_likes_enabled":true,"jetpack_sharing_enabled":true,"_links":{"self":[{"href":"https:\/\/salvador.wordcamp.org\/2014\/wp-json\/wp\/v2\/pages\/211","targetHints":{"allow":["GET"]}}],"collection":[{"href":"https:\/\/salvador.wordcamp.org\/2014\/wp-json\/wp\/v2\/pages"}],"about":[{"href":"https:\/\/salvador.wordcamp.org\/2014\/wp-json\/wp\/v2\/types\/page"}],"author":[{"embeddable":true,"href":"https:\/\/salvador.wordcamp.org\/2014\/wp-json\/wp\/v2\/users\/1773513"}],"replies":[{"embeddable":true,"href":"https:\/\/salvador.wordcamp.org\/2014\/wp-json\/wp\/v2\/comments?post=211"}],"version-history":[{"count":9,"href":"https:\/\/salvador.wordcamp.org\/2014\/wp-json\/wp\/v2\/pages\/211\/revisions"}],"predecessor-version":[{"id":691,"href":"https:\/\/salvador.wordcamp.org\/2014\/wp-json\/wp\/v2\/pages\/211\/revisions\/691"}],"up":[{"embeddable":true,"href":"https:\/\/salvador.wordcamp.org\/2014\/wp-json\/wp\/v2\/pages\/52"}],"wp:attachment":[{"href":"https:\/\/salvador.wordcamp.org\/2014\/wp-json\/wp\/v2\/media?parent=211"}],"curies":[{"name":"wp","href":"https:\/\/api.w.org\/{rel}","templated":true}]}}