{"id":2,"date":"2014-07-16T19:03:07","date_gmt":"2014-07-16T22:03:07","guid":{"rendered":"https:\/\/2014.salvador.wordcamp.org\/speakers\/"},"modified":"2014-10-31T08:33:16","modified_gmt":"2014-10-31T11:33:16","slug":"palestrantes","status":"publish","type":"page","link":"https:\/\/salvador.wordcamp.org\/2014\/palestrantes\/","title":{"rendered":"Palestrantes"},"content":{"rendered":"\n\t<div class=\"wcorg-speakers\">\n\n\t\t\n\t\t\t<!-- Organizers note: The id attribute is deprecated and only remains for backwards compatibility, please use the corresponding class to target individual speakers -->\n\t\t\t<div id=\"wcorg-speaker-fellyph-cintra\" class=\"wcorg-speaker wcorg-speaker-fellyph-cintra wcorg-track-auditorio wcorg-track-design\">\n\t\t\t\t<h2>\n\t\t\t\t\t\n\t\t\t\t\t\tFellyph Cintra\n\t\t\t\t\t\t\t\t\t<\/h2>\n\n\t\t\t\t<div class=\"wcorg-speaker-description\">\n\t\t\t\t\t<img alt='' src='https:\/\/secure.gravatar.com\/avatar\/3d503e66dd5ba59cf8b6f33f54a8cd197ebe6cf0b72cf97c589d44f2ab044192?s=145&#038;d=mm&#038;r=g' srcset='https:\/\/secure.gravatar.com\/avatar\/3d503e66dd5ba59cf8b6f33f54a8cd197ebe6cf0b72cf97c589d44f2ab044192?s=290&#038;d=mm&#038;r=g 2x' class='avatar avatar-145 photo' height='145' width='145' \/>\t\t\t\t\t<p>Iniciou sua carreia de desenvolvedor web em 2004. Dedicou maior parte desse tempo em ag\u00eancias web. No mundo WordPress entrei de cabe\u00e7a em 2008, onde desenvolvi o meu primeiro tema de l\u00e1 para c\u00e1 atuei em v\u00e1rias empresas trabalhando com a plataforma em 2010 criei o curso de WordPress na DRC Treinamentos em S\u00e3o Paulo. Atualmente, \u00e9 Front-end Engineer do Marketplace Elo7.<\/p>\n\t\t\t\t<\/div>\n\t\t\t<\/div>\n\n\t\t\n\t\t\t<!-- Organizers note: The id attribute is deprecated and only remains for backwards compatibility, please use the corresponding class to target individual speakers -->\n\t\t\t<div id=\"wcorg-speaker-marcio-souza-serdeira\" class=\"wcorg-speaker wcorg-speaker-marcio-souza-serdeira wcorg-track-conteudo wcorg-track-mini-auditorio\">\n\t\t\t\t<h2>\n\t\t\t\t\t\n\t\t\t\t\t\tM\u00e1rcio Souza Serdeira\n\t\t\t\t\t\t\t\t\t<\/h2>\n\n\t\t\t\t<div class=\"wcorg-speaker-description\">\n\t\t\t\t\t<img alt='' src='https:\/\/secure.gravatar.com\/avatar\/86560c29ea668b5284448998f814f148b5482fef05aa143ea08d6c168ef6be86?s=145&#038;d=mm&#038;r=g' srcset='https:\/\/secure.gravatar.com\/avatar\/86560c29ea668b5284448998f814f148b5482fef05aa143ea08d6c168ef6be86?s=290&#038;d=mm&#038;r=g 2x' class='avatar avatar-145 photo' height='145' width='145' \/>\t\t\t\t\t<p>Estudante de Tecnologia em Redes de Computadores, T\u00e9cnico em Inform\u00e1tica e webmaster do site do Programa Ci\u00eancia na Escola &#8211; PCE.<\/p>\n\t\t\t\t<\/div>\n\t\t\t<\/div>\n\n\t\t\n\t\t\t<!-- Organizers note: The id attribute is deprecated and only remains for backwards compatibility, please use the corresponding class to target individual speakers -->\n\t\t\t<div id=\"wcorg-speaker-michele-silva\" class=\"wcorg-speaker wcorg-speaker-michele-silva wcorg-track-auditorio wcorg-track-desenvolvimento\">\n\t\t\t\t<h2>\n\t\t\t\t\t\n\t\t\t\t\t\tMichele Silva\n\t\t\t\t\t\t\t\t\t<\/h2>\n\n\t\t\t\t<div class=\"wcorg-speaker-description\">\n\t\t\t\t\t<img alt='' src='https:\/\/secure.gravatar.com\/avatar\/db440a8de1a478d852318c23c5f8c5e569b5f277e0d3340c1ed717e2143f4d44?s=145&#038;d=mm&#038;r=g' srcset='https:\/\/secure.gravatar.com\/avatar\/db440a8de1a478d852318c23c5f8c5e569b5f277e0d3340c1ed717e2143f4d44?s=290&#038;d=mm&#038;r=g 2x' class='avatar avatar-145 photo' height='145' width='145' \/>\t\t\t\t\t<p>Cientista nata e de forma\u00e7\u00e3o, engenheira de software por profiss\u00e3o. Desenvolve software h\u00e1 mais de dez anos, entrou para o universo do WordPress h\u00e1 tr\u00eas. Trabalha com ci\u00eancia de dados no Grupo RBS e \u00e9 doutoranda em computa\u00e7\u00e3o na PUCRS.<\/p>\n\t\t\t\t<\/div>\n\t\t\t<\/div>\n\n\t\t\n\t\t\t<!-- Organizers note: The id attribute is deprecated and only remains for backwards compatibility, please use the corresponding class to target individual speakers -->\n\t\t\t<div id=\"wcorg-speaker-gabriel-stroligo\" class=\"wcorg-speaker wcorg-speaker-gabriel-stroligo wcorg-track-design wcorg-track-mini-auditorio\">\n\t\t\t\t<h2>\n\t\t\t\t\t\n\t\t\t\t\t\tGabriel Stroligo\n\t\t\t\t\t\t\t\t\t<\/h2>\n\n\t\t\t\t<div class=\"wcorg-speaker-description\">\n\t\t\t\t\t<img alt='' src='https:\/\/secure.gravatar.com\/avatar\/b07574cf146f2b3a72816614ae5fdf43303147a7ff43057b6d2293772ac0d0d9?s=145&#038;d=mm&#038;r=g' srcset='https:\/\/secure.gravatar.com\/avatar\/b07574cf146f2b3a72816614ae5fdf43303147a7ff43057b6d2293772ac0d0d9?s=290&#038;d=mm&#038;r=g 2x' class='avatar avatar-145 photo' height='145' width='145' \/>\t\t\t\t\t<p>Designer de front end (wordpress e joomla), s\u00f3cio da <a href=\"http:\/\/prte.com.br\" target=\"_blank\">prte.com.br<\/a>, empresa especializada em EAD e tenho um <a href=\"http:\/\/www.umamesaporfavor.com.br\/\" target=\"_blank\">blog<\/a> em Palmas \/ Tocantins usando o WordPress. Nele foi usado o Gantry para o desenvolvimento do Layout. Servidor publico do Tribunal de Justi\u00e7a do Estado do Tocantins, respons\u00e1vel pelo front end de todas as paginas do \u00f3rg\u00e3o.<\/p>\n\t\t\t\t<\/div>\n\t\t\t<\/div>\n\n\t\t\n\t\t\t<!-- Organizers note: The id attribute is deprecated and only remains for backwards compatibility, please use the corresponding class to target individual speakers -->\n\t\t\t<div id=\"wcorg-speaker-claudio-sanches\" class=\"wcorg-speaker wcorg-speaker-claudio-sanches wcorg-track-auditorio wcorg-track-desenvolvimento\">\n\t\t\t\t<h2>\n\t\t\t\t\t\n\t\t\t\t\t\tClaudio Sanches\n\t\t\t\t\t\t\t\t\t<\/h2>\n\n\t\t\t\t<div class=\"wcorg-speaker-description\">\n\t\t\t\t\t<img alt='' src='https:\/\/secure.gravatar.com\/avatar\/6ab7473fe788ee8fb9e2899fd2964a7abafa90f73505ed70dbd0f31c955e8d71?s=145&#038;d=mm&#038;r=g' srcset='https:\/\/secure.gravatar.com\/avatar\/6ab7473fe788ee8fb9e2899fd2964a7abafa90f73505ed70dbd0f31c955e8d71?s=290&#038;d=mm&#038;r=g 2x' class='avatar avatar-145 photo' height='145' width='145' \/>\t\t\t\t\t<p>Programador PHP, Python e Ruby, desenvolve com WordPress h\u00e1 7 anos, possui cerca de 40 plugins no reposit\u00f3rio oficial do WP e trabalha no WooThemes com o WooCommerce e extens\u00f5es.<\/p>\n\t\t\t\t<\/div>\n\t\t\t<\/div>\n\n\t\t\n\t\t\t<!-- Organizers note: The id attribute is deprecated and only remains for backwards compatibility, please use the corresponding class to target individual speakers -->\n\t\t\t<div id=\"wcorg-speaker-fernando-barreto\" class=\"wcorg-speaker wcorg-speaker-fernando-barreto wcorg-track-conteudo wcorg-track-mini-auditorio\">\n\t\t\t\t<h2>\n\t\t\t\t\t\n\t\t\t\t\t\tFernando Barreto\n\t\t\t\t\t\t\t\t\t<\/h2>\n\n\t\t\t\t<div class=\"wcorg-speaker-description\">\n\t\t\t\t\t<img alt='' src='https:\/\/secure.gravatar.com\/avatar\/2ffcc168a86eb2b42f4a032504cb7d5b0719301ace0c31b3ce8f64e29dacba80?s=145&#038;d=mm&#038;r=g' srcset='https:\/\/secure.gravatar.com\/avatar\/2ffcc168a86eb2b42f4a032504cb7d5b0719301ace0c31b3ce8f64e29dacba80?s=290&#038;d=mm&#038;r=g 2x' class='avatar avatar-145 photo' height='145' width='145' \/>\t\t\t\t\t<p>Web designer em Salvador Bahia (pagina-uno.com) h\u00e1 11 anos e desenvolvedor WordPress h\u00e1 seis. Especialidades: HTML\/CSS, JavaScript\/JQuery, PHP.<\/p>\n\t\t\t\t<\/div>\n\t\t\t<\/div>\n\n\t\t\n\t\t\t<!-- Organizers note: The id attribute is deprecated and only remains for backwards compatibility, please use the corresponding class to target individual speakers -->\n\t\t\t<div id=\"wcorg-speaker-cristal-bittencourt\" class=\"wcorg-speaker wcorg-speaker-cristal-bittencourt wcorg-track-auditorio wcorg-track-conteudo\">\n\t\t\t\t<h2>\n\t\t\t\t\t\n\t\t\t\t\t\tCristal Bittencourt\n\t\t\t\t\t\t\t\t\t<\/h2>\n\n\t\t\t\t<div class=\"wcorg-speaker-description\">\n\t\t\t\t\t<img alt='' src='https:\/\/secure.gravatar.com\/avatar\/1487c1d74fac13f0fb83a46d4850f7ca172776c601fb04a2eed2201627a92485?s=145&#038;d=mm&#038;r=g' srcset='https:\/\/secure.gravatar.com\/avatar\/1487c1d74fac13f0fb83a46d4850f7ca172776c601fb04a2eed2201627a92485?s=290&#038;d=mm&#038;r=g 2x' class='avatar avatar-145 photo' height='145' width='145' \/>\t\t\t\t\t<p>\u00c9 formada e p\u00f3s-graduada em Direito. Em 98, conheceu a Internet e se apaixonou, mas essa hist\u00f3ria s\u00f3 virou casamento depois de 10 anos de namoro, quando, enfim, decidiu abra\u00e7ar o digital. Desde ent\u00e3o, j\u00e1 trabalhou com cria\u00e7\u00e3o de conte\u00fado e monitoramento e se especializou em Comunica\u00e7\u00e3o Organizacional e Tecnologia. \u00c9 p\u00f3s-graduanda em Comunica\u00e7\u00e3o Estrat\u00e9gica e Gest\u00e3o de Marcas pela UFBA, h\u00e1 tr\u00eas anos coordena o n\u00facleo de web da CDLJ Publicidade e h\u00e1 cinco a equipe do Apaixonados por S\u00e9ries.<\/p>\n\t\t\t\t<\/div>\n\t\t\t<\/div>\n\n\t\t\n\t\t\t<!-- Organizers note: The id attribute is deprecated and only remains for backwards compatibility, please use the corresponding class to target individual speakers -->\n\t\t\t<div id=\"wcorg-speaker-valerio-souza\" class=\"wcorg-speaker wcorg-speaker-valerio-souza wcorg-track-auditorio wcorg-track-conteudo\">\n\t\t\t\t<h2>\n\t\t\t\t\t\n\t\t\t\t\t\tVal\u00e9rio Souza\n\t\t\t\t\t\t\t\t\t<\/h2>\n\n\t\t\t\t<div class=\"wcorg-speaker-description\">\n\t\t\t\t\t<img alt='' src='https:\/\/secure.gravatar.com\/avatar\/47cd7962239f71e643b9b00f5eae21c1a4a33793fe2206946dbbabdc34ee93d7?s=145&#038;d=mm&#038;r=g' srcset='https:\/\/secure.gravatar.com\/avatar\/47cd7962239f71e643b9b00f5eae21c1a4a33793fe2206946dbbabdc34ee93d7?s=290&#038;d=mm&#038;r=g 2x' class='avatar avatar-145 photo' height='145' width='145' \/>\t\t\t\t\t<p>\u00c9 Especialista WordPress desde 2008 e trabalha com WEB desde 1998. Formado em Publicidade e Marketing, \u00e9 Beta Tester do Jetpack, desenvolvedor de plugins, moderador do f\u00f3rum oficial e do Facebook, membro da comunidade e organizador do WordCamp Belo Horizonte.<\/p>\n\t\t\t\t<\/div>\n\t\t\t<\/div>\n\n\t\t\n\t\t\t<!-- Organizers note: The id attribute is deprecated and only remains for backwards compatibility, please use the corresponding class to target individual speakers -->\n\t\t\t<div id=\"wcorg-speaker-ted-k\" class=\"wcorg-speaker wcorg-speaker-ted-k wcorg-track-design wcorg-track-mini-auditorio\">\n\t\t\t\t<h2>\n\t\t\t\t\t\n\t\t\t\t\t\tTed K&#8217;\n\t\t\t\t\t\t\t\t\t<\/h2>\n\n\t\t\t\t<div class=\"wcorg-speaker-description\">\n\t\t\t\t\t<img alt='' src='https:\/\/secure.gravatar.com\/avatar\/b0aeafd05ba967dd6955116150c4d7d95a505e75698248a476be8aa5891d22e2?s=145&#038;d=mm&#038;r=g' srcset='https:\/\/secure.gravatar.com\/avatar\/b0aeafd05ba967dd6955116150c4d7d95a505e75698248a476be8aa5891d22e2?s=290&#038;d=mm&#038;r=g 2x' class='avatar avatar-145 photo' height='145' width='145' \/>\t\t\t\t\t<p>Ted k&#8217;, 28 anos. Programador WEB com conhecimento em v\u00e1rias linguagens de programa\u00e7\u00e3o. S\u00f3cio-Fundador e Desenvolvedor na Ag\u00eanciaOFF e Front-End na empresa TAO Interativa, criando interatividades com JavaScript, HTML5 (Games em JavaScript) e PhoneGap\/Cordova. Programo desde 1998 e tenho uma grande experi\u00eancia na \u00e1rea.<\/p>\n\t\t\t\t<\/div>\n\t\t\t<\/div>\n\n\t\t\n\t\t\t<!-- Organizers note: The id attribute is deprecated and only remains for backwards compatibility, please use the corresponding class to target individual speakers -->\n\t\t\t<div id=\"wcorg-speaker-ian-castro\" class=\"wcorg-speaker wcorg-speaker-ian-castro wcorg-track-desenvolvimento wcorg-track-mini-auditorio\">\n\t\t\t\t<h2>\n\t\t\t\t\t\n\t\t\t\t\t\tIan Castro\n\t\t\t\t\t\t\t\t\t<\/h2>\n\n\t\t\t\t<div class=\"wcorg-speaker-description\">\n\t\t\t\t\t<img alt='' src='https:\/\/secure.gravatar.com\/avatar\/2da2226c7da2beeadae941121b8acc6b47cbe089de45c1b7f748d0c6364c3dc3?s=145&#038;d=mm&#038;r=g' srcset='https:\/\/secure.gravatar.com\/avatar\/2da2226c7da2beeadae941121b8acc6b47cbe089de45c1b7f748d0c6364c3dc3?s=290&#038;d=mm&#038;r=g 2x' class='avatar avatar-145 photo' height='145' width='145' \/>\t\t\t\t\t<p>Diretor de Cria\u00e7\u00e3o e Produ\u00e7\u00e3o na Salve! Digital, ag\u00eancia especializada em comunica\u00e7\u00e3o digital, estrat\u00e9gia online e m\u00eddias sociais. Graduado em Comunica\u00e7\u00e3o na Faculdade de Comunica\u00e7\u00e3o da Universidade Federal da Bahia, sempre esteve imerso no mundo do marketing digital e acumula uma experi\u00eancia de mais de 4 anos prestando consultoria para Otimiza\u00e7\u00e3o de Sites (SEO).<\/p>\n\t\t\t\t<\/div>\n\t\t\t<\/div>\n\n\t\t\n\t\t\t<!-- Organizers note: The id attribute is deprecated and only remains for backwards compatibility, please use the corresponding class to target individual speakers -->\n\t\t\t<div id=\"wcorg-speaker-mario-jorge\" class=\"wcorg-speaker wcorg-speaker-mario-jorge wcorg-track-auditorio wcorg-track-design\">\n\t\t\t\t<h2>\n\t\t\t\t\t\n\t\t\t\t\t\tMario Jorge\n\t\t\t\t\t\t\t\t\t<\/h2>\n\n\t\t\t\t<div class=\"wcorg-speaker-description\">\n\t\t\t\t\t<img alt='' src='https:\/\/secure.gravatar.com\/avatar\/d33da4519305c73d611db3534bf9227a7992470883184750c8a4ee6f92a1ccfc?s=145&#038;d=mm&#038;r=g' srcset='https:\/\/secure.gravatar.com\/avatar\/d33da4519305c73d611db3534bf9227a7992470883184750c8a4ee6f92a1ccfc?s=290&#038;d=mm&#038;r=g 2x' class='avatar avatar-145 photo' height='145' width='145' \/>\t\t\t\t\t<p>Empreendedor, Developer, Professor, Pai etc (rotule como quiser). Mario Jorge Pereira (@mariojp), respira computa\u00e7\u00e3o desde 1998, trabalhou em pequenas, m\u00e9dias e grandes empresas, p\u00fablicas e privadas. Especialista em Desenvolvimento de Software e harduser do WordPress.<\/p>\n\t\t\t\t<\/div>\n\t\t\t<\/div>\n\n\t\t\n\t\t\t<!-- Organizers note: The id attribute is deprecated and only remains for backwards compatibility, please use the corresponding class to target individual speakers -->\n\t\t\t<div id=\"wcorg-speaker-nicholas-andre-pinho-de-oliveira\" class=\"wcorg-speaker wcorg-speaker-nicholas-andre-pinho-de-oliveira wcorg-track-auditorio wcorg-track-desenvolvimento\">\n\t\t\t\t<h2>\n\t\t\t\t\t\n\t\t\t\t\t\tN\u00edcholas Andr\u00e9 Pinho de Oliveira\n\t\t\t\t\t\t\t\t\t<\/h2>\n\n\t\t\t\t<div class=\"wcorg-speaker-description\">\n\t\t\t\t\t<img alt='' src='https:\/\/secure.gravatar.com\/avatar\/ba06f3a1d3d97c99abbe9f393acabe4b080e440ed725c39eb1d9f4d8e164a1c1?s=145&#038;d=mm&#038;r=g' srcset='https:\/\/secure.gravatar.com\/avatar\/ba06f3a1d3d97c99abbe9f393acabe4b080e440ed725c39eb1d9f4d8e164a1c1?s=290&#038;d=mm&#038;r=g 2x' class='avatar avatar-145 photo' height='145' width='145' \/>\t\t\t\t\t<p>Sou formado em TI pelo IFRN, atualmente curso o Bacharelado em Ci\u00eancia da Computa\u00e7\u00e3o na UFERSA. Sou Servidor P\u00fablico Federal da <a href=\"http:\/\/www.ufersa.edu.br\" target=\"_blank\"><strong>UFERSA<\/strong><\/a>, onde trabalho principalmente no desenvolvimento e manuten\u00e7\u00e3o do Portal da Universidade. Programo para Web desde 2009 e hoje desenvolvo trabalhos principalmente em WordPress, no desenvolvimento de temas e plugins. Tamb\u00e9m ministro cursos online, atualmente possuo dois cursos a venda no <strong><a href=\"http:\/\/mxcursos.com\/nicholas-andre\" target=\"_blank\">MX Cursos<\/a><\/strong>.<\/p>\n<p>Em <a href=\"http:\/\/nicholasandre.com.br\/wordpress\/\" target=\"_blank\">meu site pessoal<\/a>, h\u00e1 um curso de WordPress que ministrei pela School Of Net em 2012 e hoje encontra-se dispon\u00edvel de forma gratuita .<\/p>\n\t\t\t\t<\/div>\n\t\t\t<\/div>\n\n\t\t\n\t\t\t<!-- Organizers note: The id attribute is deprecated and only remains for backwards compatibility, please use the corresponding class to target individual speakers -->\n\t\t\t<div id=\"wcorg-speaker-helton-bezerra-da-silva\" class=\"wcorg-speaker wcorg-speaker-helton-bezerra-da-silva wcorg-track-design wcorg-track-mini-auditorio\">\n\t\t\t\t<h2>\n\t\t\t\t\t\n\t\t\t\t\t\tHelton Bezerra da Silva\n\t\t\t\t\t\t\t\t\t<\/h2>\n\n\t\t\t\t<div class=\"wcorg-speaker-description\">\n\t\t\t\t\t<img alt='' src='https:\/\/secure.gravatar.com\/avatar\/77752bcb10872f7b6242a049d333fc298a73083f635427b7118b97a2060b8636?s=145&#038;d=mm&#038;r=g' srcset='https:\/\/secure.gravatar.com\/avatar\/77752bcb10872f7b6242a049d333fc298a73083f635427b7118b97a2060b8636?s=290&#038;d=mm&#038;r=g 2x' class='avatar avatar-145 photo' height='145' width='145' \/>\t\t\t\t\t<p>Cheguei a fazer at\u00e9 4 incans\u00e1veis anos de Medicina na UERJ, entre outras 4 ou 5 faculdades, mas me identifiquei mesmo com Marketing Digital. Ap\u00f3s diversas forma\u00e7\u00f5es pelo mundo afora, hoje sou membro do Empowering Your Greatness Community (de  Stephen R. Covey) e do Virgin Media Pioneers (de Richard Branson).<\/p>\n<p>Mas antes disso, claro, fui Web Designer por cerca de 5 anos (ap\u00f3s ter largado aquele monte de faculdades sabe, rs).<\/p>\n<p>E hoje estou aqui, no WordCamp Salvador 2014 para dar dicas que v\u00e3o fazer vc desenvolvedor (ou qualquer pessoa mesmo) parar de sofrer com Design e Layouts.<\/p>\n<p>PS:<br \/>\nfica triste n\u00e3o, eu tamb\u00e9m peeeeeeeno com programa\u00e7\u00e3o \ud83d\ude00<\/p>\n\t\t\t\t<\/div>\n\t\t\t<\/div>\n\n\t\t\n\t\t\t<!-- Organizers note: The id attribute is deprecated and only remains for backwards compatibility, please use the corresponding class to target individual speakers -->\n\t\t\t<div id=\"wcorg-speaker-priscilla-arruda-saldanha\" class=\"wcorg-speaker wcorg-speaker-priscilla-arruda-saldanha wcorg-track-conteudo wcorg-track-mini-auditorio\">\n\t\t\t\t<h2>\n\t\t\t\t\t\n\t\t\t\t\t\tPriscilla Arruda Saldanha\n\t\t\t\t\t\t\t\t\t<\/h2>\n\n\t\t\t\t<div class=\"wcorg-speaker-description\">\n\t\t\t\t\t<img alt='' src='https:\/\/secure.gravatar.com\/avatar\/dd2cf3b3be87b4c6438b8a99563ad3ea3ea8e1e2f76f253ae1f2d8fec376afbd?s=145&#038;d=mm&#038;r=g' srcset='https:\/\/secure.gravatar.com\/avatar\/dd2cf3b3be87b4c6438b8a99563ad3ea3ea8e1e2f76f253ae1f2d8fec376afbd?s=290&#038;d=mm&#038;r=g 2x' class='avatar avatar-145 photo' height='145' width='145' \/>\t\t\t\t\t<p>P\u00f3s-graduada em Gest\u00e3o de Marcas e Branding pela BSP, especialista em Redes Sociais pela PUC e formada em Publicidade e Propaganda na UNICAP. \u00c9 gestora de Conte\u00fado no Digitalks e consultora em estrat\u00e9gia de Branding e Digital para empresas e ag\u00eancias. Atuou em grandes ag\u00eancias, al\u00e9m de empresas nacionais e multinacionais, como Red Bull, com Marketing e M\u00eddias Sociais. Entusiasta e amante da comunica\u00e7\u00e3o e do mundo digital, gosta de compartilhar tudo que viv\u00eancia e aprende. Acredita que dessa forma, o mundo vai ser cada vez mais pensante e atuante.<\/p>\n\t\t\t\t<\/div>\n\t\t\t<\/div>\n\n\t\t\n\t\t\t<!-- Organizers note: The id attribute is deprecated and only remains for backwards compatibility, please use the corresponding class to target individual speakers -->\n\t\t\t<div id=\"wcorg-speaker-juan-manuel-arias\" class=\"wcorg-speaker wcorg-speaker-juan-manuel-arias wcorg-track-auditorio wcorg-track-desenvolvimento\">\n\t\t\t\t<h2>\n\t\t\t\t\t\n\t\t\t\t\t\tJuan Manuel Arias\n\t\t\t\t\t\t\t\t\t<\/h2>\n\n\t\t\t\t<div class=\"wcorg-speaker-description\">\n\t\t\t\t\t<img alt='' src='https:\/\/secure.gravatar.com\/avatar\/35c3e9bcd778a440709c9e4df7c31c3c59ace7832280b6d030073fac7b3aedf2?s=145&#038;d=mm&#038;r=g' srcset='https:\/\/secure.gravatar.com\/avatar\/35c3e9bcd778a440709c9e4df7c31c3c59ace7832280b6d030073fac7b3aedf2?s=290&#038;d=mm&#038;r=g 2x' class='avatar avatar-145 photo' height='145' width='145' \/>\t\t\t\t\t<p>Socio fundador da WP Factory, Certified Scrum Developer, empreendedor e programador de paix\u00e3o. Vem implementando metodologias \u00e1geis em equipes desde 2009 e tem um T.O.C. com automatiza\u00e7\u00e3o, n\u00e3o pode ver uma secuencia sendo executada manualmente mais de duas vezes. Ele vai fazer um script.<\/p>\n\t\t\t\t<\/div>\n\t\t\t<\/div>\n\n\t\t\n\t\t\t<!-- Organizers note: The id attribute is deprecated and only remains for backwards compatibility, please use the corresponding class to target individual speakers -->\n\t\t\t<div id=\"wcorg-speaker-bruno-calheira-dos-santos\" class=\"wcorg-speaker wcorg-speaker-bruno-calheira-dos-santos wcorg-track-desenvolvimento wcorg-track-mini-auditorio\">\n\t\t\t\t<h2>\n\t\t\t\t\t\n\t\t\t\t\t\tBruno Calheira dos Santos\n\t\t\t\t\t\t\t\t\t<\/h2>\n\n\t\t\t\t<div class=\"wcorg-speaker-description\">\n\t\t\t\t\t<img alt='' src='https:\/\/secure.gravatar.com\/avatar\/fa010955044552e59fe27126bb72bfa81281eac3573b244fc5491d4e6e91b7c4?s=145&#038;d=mm&#038;r=g' srcset='https:\/\/secure.gravatar.com\/avatar\/fa010955044552e59fe27126bb72bfa81281eac3573b244fc5491d4e6e91b7c4?s=290&#038;d=mm&#038;r=g 2x' class='avatar avatar-145 photo' height='145' width='145' \/>\t\t\t\t\t<p>Sou consultor de tecnologia web. Ajudo pessoas e empresas a realizar seus projetos usando ferramentas on-line. Tenho forma\u00e7\u00e3o em Matem\u00e1tica, Ci\u00eancias da Computa\u00e7\u00e3o e Engenharia de Software. Gosto de trabalhar com softwares e tecnologias de c\u00f3digo aberto. Acredito que o conhecimento \u00e9 um bem que deve ser compartilhado sempre.<\/p>\n\t\t\t\t<\/div>\n\t\t\t<\/div>\n\n\t\t\n\t\t\t<!-- Organizers note: The id attribute is deprecated and only remains for backwards compatibility, please use the corresponding class to target individual speakers -->\n\t\t\t<div id=\"wcorg-speaker-amon-caldas\" class=\"wcorg-speaker wcorg-speaker-amon-caldas wcorg-track-desenvolvimento wcorg-track-mini-auditorio\">\n\t\t\t\t<h2>\n\t\t\t\t\t\n\t\t\t\t\t\tAmon Caldas\n\t\t\t\t\t\t\t\t\t<\/h2>\n\n\t\t\t\t<div class=\"wcorg-speaker-description\">\n\t\t\t\t\t<img alt='' src='https:\/\/secure.gravatar.com\/avatar\/b43259d12afea996f3fdfc90feb0f84665b3ba0c82f1527fc1f9f74d4a6ea25e?s=145&#038;d=mm&#038;r=g' srcset='https:\/\/secure.gravatar.com\/avatar\/b43259d12afea996f3fdfc90feb0f84665b3ba0c82f1527fc1f9f74d4a6ea25e?s=290&#038;d=mm&#038;r=g 2x' class='avatar avatar-145 photo' height='145' width='145' \/>\t\t\t\t\t<p>Mestrando  em Computa\u00e7\u00e3o, p\u00f3s graduado em Engenharia de Software e graduado em Sistemas para Internet. Trabalha com engenharia de software, an\u00e1lise e desenvolvimento web e mobile. Tem experi\u00eancias com CMSs, back-end, front-end, WordPress e web em geral. Atualmente \u00e9 bolsita da CAPES e atua no grupo de pesquisas GANGES com foco em Sistemas de Informa\u00e7\u00f5es Geogr\u00e1ficas (SIG) e an\u00e1lise de trajet\u00f3rias.<\/p>\n\t\t\t\t<\/div>\n\t\t\t<\/div>\n\n\t\t\n\t\t\t<!-- Organizers note: The id attribute is deprecated and only remains for backwards compatibility, please use the corresponding class to target individual speakers -->\n\t\t\t<div id=\"wcorg-speaker-sergio-costa\" class=\"wcorg-speaker wcorg-speaker-sergio-costa wcorg-track-auditorio wcorg-track-desenvolvimento\">\n\t\t\t\t<h2>\n\t\t\t\t\t\n\t\t\t\t\t\tSergio Costa\n\t\t\t\t\t\t\t\t\t<\/h2>\n\n\t\t\t\t<div class=\"wcorg-speaker-description\">\n\t\t\t\t\t<img alt='' src='https:\/\/secure.gravatar.com\/avatar\/34f42af7b1d341263374e810113611a84df2647a4724a29afcfaeb0a01c31fb3?s=145&#038;d=mm&#038;r=g' srcset='https:\/\/secure.gravatar.com\/avatar\/34f42af7b1d341263374e810113611a84df2647a4724a29afcfaeb0a01c31fb3?s=290&#038;d=mm&#038;r=g 2x' class='avatar avatar-145 photo' height='145' width='145' \/>\t\t\t\t\t<p>Formando em Sistemas Para Internet na UNIFACS. Mantenho meu foco em front-end e wordpress. Sou adepto dos conceitos de modern workflow e boas pr\u00e1ticas de desenvolvimento. Amante do Bower, GruntJS e do SASS. Atuante no mercado, profissionalmente, desde 2010.<\/p>\n\t\t\t\t<\/div>\n\t\t\t<\/div>\n\n\t\t\n\t<\/div>\n\n\t\n","protected":false},"excerpt":{"rendered":"","protected":false},"author":1773513,"featured_media":0,"parent":0,"menu_order":0,"comment_status":"open","ping_status":"closed","template":"","meta":{"_crdt_document":"","footnotes":""},"class_list":["post-2","page","type-page","status-publish","hentry"],"jetpack_shortlink":"https:\/\/wp.me\/PheUd1-2","jetpack_likes_enabled":true,"jetpack_sharing_enabled":true,"_links":{"self":[{"href":"https:\/\/salvador.wordcamp.org\/2014\/wp-json\/wp\/v2\/pages\/2","targetHints":{"allow":["GET"]}}],"collection":[{"href":"https:\/\/salvador.wordcamp.org\/2014\/wp-json\/wp\/v2\/pages"}],"about":[{"href":"https:\/\/salvador.wordcamp.org\/2014\/wp-json\/wp\/v2\/types\/page"}],"author":[{"embeddable":true,"href":"https:\/\/salvador.wordcamp.org\/2014\/wp-json\/wp\/v2\/users\/1773513"}],"replies":[{"embeddable":true,"href":"https:\/\/salvador.wordcamp.org\/2014\/wp-json\/wp\/v2\/comments?post=2"}],"version-history":[{"count":6,"href":"https:\/\/salvador.wordcamp.org\/2014\/wp-json\/wp\/v2\/pages\/2\/revisions"}],"predecessor-version":[{"id":362,"href":"https:\/\/salvador.wordcamp.org\/2014\/wp-json\/wp\/v2\/pages\/2\/revisions\/362"}],"wp:attachment":[{"href":"https:\/\/salvador.wordcamp.org\/2014\/wp-json\/wp\/v2\/media?parent=2"}],"curies":[{"name":"wp","href":"https:\/\/api.w.org\/{rel}","templated":true}]}}